{"id":6639,"date":"2025-10-20T12:48:53","date_gmt":"2025-10-20T12:48:53","guid":{"rendered":"https:\/\/accerta-changes.stagingtestzone.com\/solutions\/ai-and-technology-advisory-services\/"},"modified":"2025-10-20T13:29:15","modified_gmt":"2025-10-20T13:29:15","slug":"ai-and-technology-advisory-services","status":"publish","type":"page","link":"https:\/\/accerta-changes.stagingtestzone.com\/fr\/solutions\/ai-and-technology-advisory-services\/","title":{"rendered":"Services de conseil en intelligence artificielle et technologie"},"content":{"rendered":"\t\t<div data-elementor-type=\"wp-page\" data-elementor-id=\"6639\" class=\"elementor elementor-6639 elementor-6634\" data-elementor-post-type=\"page\">\n\t\t\t\t<div class=\"elementor-element elementor-element-1ad5d16 e-flex e-con-boxed e-con e-parent\" data-id=\"1ad5d16\" data-element_type=\"container\" data-settings=\"{&quot;background_background&quot;:&quot;classic&quot;}\">\n\t\t\t\t\t<div class=\"e-con-inner\">\n\t\t\t\t<div class=\"elementor-element elementor-element-68822ea elementor-widget__width-inherit elementor-widget elementor-widget-image\" data-id=\"68822ea\" data-element_type=\"widget\" data-widget_type=\"image.default\">\n\t\t\t\t<div class=\"elementor-widget-container\">\n\t\t\t\t\t\t\t\t\t\t\t\t\t\t\t<img fetchpriority=\"high\" decoding=\"async\" width=\"1500\" height=\"1001\" src=\"https:\/\/accerta-changes.stagingtestzone.com\/wp-content\/uploads\/AdobeStock_1016444465-1.jpg\" class=\"attachment-full size-full wp-image-6530\" alt=\"Man smiling while typing on his laptop and holding a piece of paper.\" srcset=\"https:\/\/accerta-changes.stagingtestzone.com\/wp-content\/uploads\/AdobeStock_1016444465-1.jpg 1500w, https:\/\/accerta-changes.stagingtestzone.com\/wp-content\/uploads\/AdobeStock_1016444465-1-300x200.jpg 300w, https:\/\/accerta-changes.stagingtestzone.com\/wp-content\/uploads\/AdobeStock_1016444465-1-1024x683.jpg 1024w, https:\/\/accerta-changes.stagingtestzone.com\/wp-content\/uploads\/AdobeStock_1016444465-1-768x513.jpg 768w\" sizes=\"(max-width: 1500px) 100vw, 1500px\" \/>\t\t\t\t\t\t\t\t\t\t\t\t\t\t\t<\/div>\n\t\t\t\t<\/div>\n\t\t<div class=\"elementor-element elementor-element-4fa6505 e-con-full e-flex e-con e-child\" data-id=\"4fa6505\" data-element_type=\"container\">\n\t\t<div class=\"elementor-element elementor-element-c7ab15c e-con-full e-flex e-con e-child\" data-id=\"c7ab15c\" data-element_type=\"container\">\n\t\t\t\t<div class=\"elementor-element elementor-element-947859c elementor-widget elementor-widget-text-editor\" data-id=\"947859c\" data-element_type=\"widget\" data-widget_type=\"text-editor.default\">\n\t\t\t\t<div class=\"elementor-widget-container\">\n\t\t\t\t\t\t\t\t\t<p>Les services consultatifs d\u2019Accerta permettent au secteur public et aux organisations de services sociaux d\u2019acc\u00e9der \u00e0 des id\u00e9es strat\u00e9giques et \u00e0 des \u00e9valuations de sp\u00e9cialistes pour renforcer leurs op\u00e9rations. Nous facilitons le d\u00e9veloppement de solutions r\u00e9silientes, s\u00e9curis\u00e9es et avant-gardistes qui am\u00e9liorent l\u2019incidence op\u00e9rationnelle.<\/p>\t\t\t\t\t\t\t\t<\/div>\n\t\t\t\t<\/div>\n\t\t\t\t<div class=\"elementor-element elementor-element-da92cb5 elementor-widget elementor-widget-n-accordion\" data-id=\"da92cb5\" data-element_type=\"widget\" data-settings=\"{&quot;default_state&quot;:&quot;all_collapsed&quot;,&quot;max_items_expended&quot;:&quot;one&quot;,&quot;n_accordion_animation_duration&quot;:{&quot;unit&quot;:&quot;ms&quot;,&quot;size&quot;:400,&quot;sizes&quot;:[]}}\" data-widget_type=\"nested-accordion.default\">\n\t\t\t\t<div class=\"elementor-widget-container\">\n\t\t\t\t\t\t\t<div class=\"e-n-accordion\" aria-label=\"Accordion. Open links with Enter or Space, close with Escape, and navigate with Arrow Keys\">\n\t\t\t\t\t\t<details id=\"e-n-accordion-item-2290\" class=\"e-n-accordion-item\" >\n\t\t\t\t<summary class=\"e-n-accordion-item-title\" data-accordion-index=\"1\" tabindex=\"0\" aria-expanded=\"false\" aria-controls=\"e-n-accordion-item-2290\" >\n\t\t\t\t\t<span class='e-n-accordion-item-title-header'><div class=\"e-n-accordion-item-title-text\"> \u00c9valuation des technologies et de l\u2019intelligence artificielle <\/div><\/span>\n\t\t\t\t\t\t\t<span class='e-n-accordion-item-title-icon'>\n\t\t\t<span class='e-opened' ><svg aria-hidden=\"true\" class=\"e-font-icon-svg e-fas-chevron-up\" viewBox=\"0 0 448 512\" xmlns=\"http:\/\/www.w3.org\/2000\/svg\"><path d=\"M240.971 130.524l194.343 194.343c9.373 9.373 9.373 24.569 0 33.941l-22.667 22.667c-9.357 9.357-24.522 9.375-33.901.04L224 227.495 69.255 381.516c-9.379 9.335-24.544 9.317-33.901-.04l-22.667-22.667c-9.373-9.373-9.373-24.569 0-33.941L207.03 130.525c9.372-9.373 24.568-9.373 33.941-.001z\"><\/path><\/svg><\/span>\n\t\t\t<span class='e-closed'><svg aria-hidden=\"true\" class=\"e-font-icon-svg e-fas-chevron-down\" viewBox=\"0 0 448 512\" xmlns=\"http:\/\/www.w3.org\/2000\/svg\"><path d=\"M207.029 381.476L12.686 187.132c-9.373-9.373-9.373-24.569 0-33.941l22.667-22.667c9.357-9.357 24.522-9.375 33.901-.04L224 284.505l154.745-154.021c9.379-9.335 24.544-9.317 33.901.04l22.667 22.667c9.373 9.373 9.373 24.569 0 33.941L240.971 381.476c-9.373 9.372-24.569 9.372-33.942 0z\"><\/path><\/svg><\/span>\n\t\t<\/span>\n\n\t\t\t\t\t\t<\/summary>\n\t\t\t\t<div role=\"region\" aria-labelledby=\"e-n-accordion-item-2290\" class=\"elementor-element elementor-element-8cfac51 e-con-full e-flex e-con e-child\" data-id=\"8cfac51\" data-element_type=\"container\">\n\t\t<div role=\"region\" aria-labelledby=\"e-n-accordion-item-2290\" class=\"elementor-element elementor-element-7b4e585 e-flex e-con-boxed e-con e-child\" data-id=\"7b4e585\" data-element_type=\"container\">\n\t\t\t\t\t<div class=\"e-con-inner\">\n\t\t\t\t<div class=\"elementor-element elementor-element-8e8f6ef elementor-widget elementor-widget-text-editor\" data-id=\"8e8f6ef\" data-element_type=\"widget\" data-widget_type=\"text-editor.default\">\n\t\t\t\t<div class=\"elementor-widget-container\">\n\t\t\t\t\t\t\t\t\t<p>Nous proc\u00e9dons \u00e0 des \u00e9valuations approfondies des infrastructures technologiques actuelles pour identifier les lacunes et proposons une feuille de route strat\u00e9gique afin d\u2019optimiser l\u2019efficacit\u00e9 du syst\u00e8me. Nos sp\u00e9cialistes sont en mesure de cerner les possibilit\u00e9s d\u2019exploitation de l\u2019IA par l\u2019automatisation et l\u2019am\u00e9lioration des processus, aidant les organisations \u00e0 s\u2019aligner sur les meilleures pratiques du secteur.<\/p>\t\t\t\t\t\t\t\t<\/div>\n\t\t\t\t<\/div>\n\t\t\t\t\t<\/div>\n\t\t\t\t<\/div>\n\t\t\t\t<\/div>\n\t\t\t\t\t<\/details>\n\t\t\t\t\t<\/div>\n\t\t\t\t\t\t<\/div>\n\t\t\t\t<\/div>\n\t\t\t\t<\/div>\n\t\t\t\t<\/div>\n\t\t\t\t\t<\/div>\n\t\t\t\t<\/div>\n\t\t<div class=\"elementor-element elementor-element-e0b31a3 e-flex e-con-boxed e-con e-parent\" data-id=\"e0b31a3\" data-element_type=\"container\">\n\t\t\t\t\t<div class=\"e-con-inner\">\n\t\t\t\t<div class=\"elementor-element elementor-element-a301e4e elementor-widget elementor-widget-template\" data-id=\"a301e4e\" data-element_type=\"widget\" data-widget_type=\"template.default\">\n\t\t\t\t<div class=\"elementor-widget-container\">\n\t\t\t\t\t\t\t<div class=\"elementor-template\">\n\t\t\t\t\t<div data-elementor-type=\"container\" data-elementor-id=\"4177\" class=\"elementor elementor-4177 elementor-3322\" data-elementor-post-type=\"elementor_library\">\n\t\t\t\t<div class=\"elementor-element elementor-element-14cfe1f2 e-flex e-con-boxed e-con e-parent\" data-id=\"14cfe1f2\" data-element_type=\"container\" data-settings=\"{&quot;background_background&quot;:&quot;classic&quot;}\">\n\t\t\t\t\t<div class=\"e-con-inner\">\n\t\t\t\t<div class=\"elementor-element elementor-element-57fbc7a5 elementor-widget elementor-widget-heading\" data-id=\"57fbc7a5\" data-element_type=\"widget\" data-widget_type=\"heading.default\">\n\t\t\t\t<div class=\"elementor-widget-container\">\n\t\t\t\t\t<h2 class=\"elementor-heading-title elementor-size-default\"> Solutions en action<\/h2>\t\t\t\t<\/div>\n\t\t\t\t<\/div>\n\t\t\t\t<div class=\"elementor-element elementor-element-4b82a9c9 elementor-widget elementor-widget-text-editor\" data-id=\"4b82a9c9\" data-element_type=\"widget\" data-widget_type=\"text-editor.default\">\n\t\t\t\t<div class=\"elementor-widget-container\">\n\t\t\t\t\t\t\t\t\t<h3><a href=\"https:\/\/accerta-changes.stagingtestzone.com\/fr\/solutions\/contact-centre-services\/\">Services du centre d\u2019appels <\/a><\/h3><h3><a href=\"https:\/\/accerta-changes.stagingtestzone.com\/fr\/solutions\/public-group-benefit-administration-and-healthcare-spending-accounts\/\">Administration des avantages sociaux collectifs des services publics et comptes de gestion des d\u00e9penses sant\u00e9<\/a><\/h3><h3><a href=\"https:\/\/accerta-changes.stagingtestzone.com\/fr\/solutions\/plan-design-and-program-development\/\">Conception de r\u00e9gimes et \u00e9laboration de programmes<\/a><\/h3><h3><a href=\"https:\/\/accerta-changes.stagingtestzone.com\/fr\/solutions\/intake-registration-and-eligibility-management\/\">Gestion de l\u2019admission, de l\u2019inscription et de l\u2019admissibilit\u00e9<\/a><\/h3><h3><a href=\"https:\/\/accerta-changes.stagingtestzone.com\/fr\/solutions\/rules-based-processing\/\">Traitement bas\u00e9 sur des r\u00e8gles <\/a><\/h3><h3><a href=\"https:\/\/accerta-changes.stagingtestzone.com\/fr\/solutions\/supporting-end-users-and-providers\/\">Soutenir les utilisateurs finaux et les fournisseurs<\/a><\/h3><h3><a href=\"https:\/\/accerta-changes.stagingtestzone.com\/fr\/solutions\/payment-disbursement\/\">Paiements <\/a><\/h3><h3><a href=\"https:\/\/accerta-changes.stagingtestzone.com\/fr\/solutions\/cybersecurity-advisory-services\/\"><span class=\"TextRun SCXW192250357 BCX8\" lang=\"EN-US\" xml:lang=\"EN-US\" data-contrast=\"auto\"><span class=\"NormalTextRun SCXW192250357 BCX8\">Services <\/span><span class=\"NormalTextRun SpellingErrorV2Themed SCXW192250357 BCX8\">consultatifs<\/span> <span class=\"NormalTextRun SpellingErrorV2Themed SCXW192250357 BCX8\">en<\/span> <span class=\"NormalTextRun SpellingErrorV2Themed SCXW192250357 BCX8\">cybers\u00e9curit\u00e9<\/span><\/span><\/a><\/h3><h3><a href=\"https:\/\/accerta-changes.stagingtestzone.com\/fr\/solutions\/ai-and-technology-advisory-services\/\"><span class=\"EOP SCXW192250357 BCX8\" data-ccp-props=\"{}\"><span class=\"TextRun SCXW105683281 BCX8\" lang=\"EN-US\" xml:lang=\"EN-US\" data-contrast=\"auto\"><span class=\"NormalTextRun SCXW105683281 BCX8\">Services de conseil <\/span><span class=\"NormalTextRun SpellingErrorV2Themed SCXW105683281 BCX8\">en<\/span><span class=\"NormalTextRun SCXW105683281 BCX8\"> intelligence <\/span><span class=\"NormalTextRun SpellingErrorV2Themed SCXW105683281 BCX8\">artificielle<\/span><span class=\"NormalTextRun SCXW105683281 BCX8\"> et <\/span><span class=\"NormalTextRun SpellingErrorV2Themed SCXW105683281 BCX8\">technologie<\/span><\/span><\/span><\/a><\/h3><p>\u00a0<\/p>\t\t\t\t\t\t\t\t<\/div>\n\t\t\t\t<\/div>\n\t\t\t\t\t<\/div>\n\t\t\t\t<\/div>\n\t\t\t\t<\/div>\n\t\t\t\t<\/div>\n\t\t\t\t\t\t<\/div>\n\t\t\t\t<\/div>\n\t\t\t\t\t<\/div>\n\t\t\t\t<\/div>\n\t\t<div class=\"elementor-element elementor-element-594e776 e-flex e-con-boxed e-con e-parent\" data-id=\"594e776\" data-element_type=\"container\">\n\t\t\t\t\t<div class=\"e-con-inner\">\n\t\t\t\t<div class=\"elementor-element elementor-element-5fcb907 elementor-widget elementor-widget-template\" data-id=\"5fcb907\" data-element_type=\"widget\" data-widget_type=\"template.default\">\n\t\t\t\t<div class=\"elementor-widget-container\">\n\t\t\t\t\t\t\t<div class=\"elementor-template\">\n\t\t\t\t\t<div data-elementor-type=\"container\" data-elementor-id=\"4178\" class=\"elementor elementor-4178 elementor-604\" data-elementor-post-type=\"elementor_library\">\n\t\t\t\t<div class=\"elementor-element elementor-element-3109e726 e-con-full e-flex e-con e-parent\" data-id=\"3109e726\" data-element_type=\"container\" data-settings=\"{&quot;background_background&quot;:&quot;classic&quot;}\">\n\t\t<div class=\"elementor-element elementor-element-2a3764d1 e-con-full elementor-hidden-tablet elementor-hidden-mobile e-flex e-con e-child\" data-id=\"2a3764d1\" data-element_type=\"container\" data-settings=\"{&quot;background_background&quot;:&quot;classic&quot;}\">\n\t\t\t\t<div class=\"elementor-element elementor-element-3d165c39 elementor-invisible elementor-widget elementor-widget-image\" data-id=\"3d165c39\" data-element_type=\"widget\" data-settings=\"{&quot;_animation&quot;:&quot;fadeIn&quot;}\" data-widget_type=\"image.default\">\n\t\t\t\t<div class=\"elementor-widget-container\">\n\t\t\t\t\t\t\t\t\t\t\t\t\t\t\t<img decoding=\"async\" width=\"418\" height=\"294\" src=\"https:\/\/accerta-changes.stagingtestzone.com\/wp-content\/uploads\/cta-1.jpg\" class=\"attachment-large size-large wp-image-1759\" alt=\"Une jeune fille qui tient une baguette \u00e0 bulles et la montre \u00e0 un adulte.\" srcset=\"https:\/\/accerta-changes.stagingtestzone.com\/wp-content\/uploads\/cta-1.jpg 418w, https:\/\/accerta-changes.stagingtestzone.com\/wp-content\/uploads\/cta-1-300x211.jpg 300w\" sizes=\"(max-width: 418px) 100vw, 418px\" \/>\t\t\t\t\t\t\t\t\t\t\t\t\t\t\t<\/div>\n\t\t\t\t<\/div>\n\t\t\t\t<div class=\"elementor-element elementor-element-3466cb17 elementor-invisible elementor-widget elementor-widget-image\" data-id=\"3466cb17\" data-element_type=\"widget\" data-settings=\"{&quot;_animation&quot;:&quot;fadeIn&quot;,&quot;_animation_delay&quot;:250}\" data-widget_type=\"image.default\">\n\t\t\t\t<div class=\"elementor-widget-container\">\n\t\t\t\t\t\t\t\t\t\t\t\t\t\t\t<img decoding=\"async\" width=\"368\" height=\"568\" src=\"https:\/\/accerta-changes.stagingtestzone.com\/wp-content\/uploads\/cta-2.jpg\" class=\"attachment-large size-large wp-image-1760\" alt=\"Older couple smiling at each other warmly.\" srcset=\"https:\/\/accerta-changes.stagingtestzone.com\/wp-content\/uploads\/cta-2.jpg 368w, https:\/\/accerta-changes.stagingtestzone.com\/wp-content\/uploads\/cta-2-194x300.jpg 194w\" sizes=\"(max-width: 368px) 100vw, 368px\" \/>\t\t\t\t\t\t\t\t\t\t\t\t\t\t\t<\/div>\n\t\t\t\t<\/div>\n\t\t\t\t<\/div>\n\t\t<div class=\"elementor-element elementor-element-426ff595 e-con-full e-flex e-con e-child\" data-id=\"426ff595\" data-element_type=\"container\">\n\t\t\t\t<div class=\"elementor-element elementor-element-3632d838 elementor-hidden-desktop elementor-widget elementor-widget-image\" data-id=\"3632d838\" data-element_type=\"widget\" data-widget_type=\"image.default\">\n\t\t\t\t<div class=\"elementor-widget-container\">\n\t\t\t\t\t\t\t\t\t\t\t\t\t\t\t<img loading=\"lazy\" decoding=\"async\" width=\"740\" height=\"444\" src=\"https:\/\/accerta-changes.stagingtestzone.com\/wp-content\/uploads\/cta-1-wide.jpg\" class=\"attachment-large size-large wp-image-1763\" alt=\"Older couple smiling at each other warmly.\" srcset=\"https:\/\/accerta-changes.stagingtestzone.com\/wp-content\/uploads\/cta-1-wide.jpg 740w, https:\/\/accerta-changes.stagingtestzone.com\/wp-content\/uploads\/cta-1-wide-300x180.jpg 300w\" sizes=\"(max-width: 740px) 100vw, 740px\" \/>\t\t\t\t\t\t\t\t\t\t\t\t\t\t\t<\/div>\n\t\t\t\t<\/div>\n\t\t\t\t<div class=\"elementor-element elementor-element-11f410a6 elementor-widget elementor-widget-heading\" data-id=\"11f410a6\" data-element_type=\"widget\" data-widget_type=\"heading.default\">\n\t\t\t\t<div class=\"elementor-widget-container\">\n\t\t\t\t\t<h2 class=\"elementor-heading-title elementor-size-default\">Des innovations sur lesquelles vous pouvez compter.<\/h2>\t\t\t\t<\/div>\n\t\t\t\t<\/div>\n\t\t\t\t<div class=\"elementor-element elementor-element-3af5419a elementor-hidden-tablet elementor-hidden-mobile elementor-align-center elementor-tablet-align-center elementor-widget elementor-widget-button\" data-id=\"3af5419a\" data-element_type=\"widget\" data-widget_type=\"button.default\">\n\t\t\t\t<div class=\"elementor-widget-container\">\n\t\t\t\t\t\t\t\t\t<div class=\"elementor-button-wrapper\">\n\t\t\t\t\t<a class=\"elementor-button elementor-button-link elementor-size-sm\" href=\"https:\/\/accerta-changes.stagingtestzone.com\/fr\/contact-us-fr\/\">\n\t\t\t\t\t\t<span class=\"elementor-button-content-wrapper\">\n\t\t\t\t\t\t\t\t\t<span class=\"elementor-button-text\">Communiquer avec nous<\/span>\n\t\t\t\t\t<\/span>\n\t\t\t\t\t<\/a>\n\t\t\t\t<\/div>\n\t\t\t\t\t\t\t\t<\/div>\n\t\t\t\t<\/div>\n\t\t\t\t<\/div>\n\t\t<div class=\"elementor-element elementor-element-349104b0 e-con-full elementor-hidden-tablet elementor-hidden-mobile e-flex e-con e-child\" data-id=\"349104b0\" data-element_type=\"container\">\n\t\t\t\t<div class=\"elementor-element elementor-element-6334863e elementor-invisible elementor-widget elementor-widget-image\" data-id=\"6334863e\" data-element_type=\"widget\" data-settings=\"{&quot;_animation&quot;:&quot;fadeIn&quot;,&quot;_animation_delay&quot;:500}\" data-widget_type=\"image.default\">\n\t\t\t\t<div class=\"elementor-widget-container\">\n\t\t\t\t\t\t\t\t\t\t\t\t\t\t\t<img loading=\"lazy\" decoding=\"async\" width=\"416\" height=\"500\" src=\"https:\/\/accerta-changes.stagingtestzone.com\/wp-content\/uploads\/cta-3.jpg\" class=\"attachment-large size-large wp-image-1761\" alt=\"Un gar\u00e7on port\u00e9 par sa m\u00e8re, une petite fille sur le dos de son p\u00e8re, les deux parents se souriant.\" srcset=\"https:\/\/accerta-changes.stagingtestzone.com\/wp-content\/uploads\/cta-3.jpg 416w, https:\/\/accerta-changes.stagingtestzone.com\/wp-content\/uploads\/cta-3-250x300.jpg 250w\" sizes=\"(max-width: 416px) 100vw, 416px\" \/>\t\t\t\t\t\t\t\t\t\t\t\t\t\t\t<\/div>\n\t\t\t\t<\/div>\n\t\t\t\t<div class=\"elementor-element elementor-element-632ed960 elementor-invisible elementor-widget elementor-widget-image\" data-id=\"632ed960\" data-element_type=\"widget\" data-settings=\"{&quot;_animation&quot;:&quot;fadeIn&quot;,&quot;_animation_delay&quot;:750}\" data-widget_type=\"image.default\">\n\t\t\t\t<div class=\"elementor-widget-container\">\n\t\t\t\t\t\t\t\t\t\t\t\t\t\t\t<img loading=\"lazy\" decoding=\"async\" width=\"368\" height=\"364\" src=\"https:\/\/accerta-changes.stagingtestzone.com\/wp-content\/uploads\/cta-4.jpg\" class=\"attachment-large size-large wp-image-1762\" alt=\"Une femme qui tape sur son ordinateur portable.\" srcset=\"https:\/\/accerta-changes.stagingtestzone.com\/wp-content\/uploads\/cta-4.jpg 368w, https:\/\/accerta-changes.stagingtestzone.com\/wp-content\/uploads\/cta-4-300x297.jpg 300w\" sizes=\"(max-width: 368px) 100vw, 368px\" \/>\t\t\t\t\t\t\t\t\t\t\t\t\t\t\t<\/div>\n\t\t\t\t<\/div>\n\t\t\t\t<\/div>\n\t\t\t\t<\/div>\n\t\t\t\t<\/div>\n\t\t\t\t<\/div>\n\t\t\t\t\t\t<\/div>\n\t\t\t\t<\/div>\n\t\t\t\t\t<\/div>\n\t\t\t\t<\/div>\n\t\t\t\t<\/div>\n\t\t","protected":false},"excerpt":{"rendered":"<p>Les services consultatifs d\u2019Accerta permettent au secteur public et aux organisations de services sociaux d\u2019acc\u00e9der \u00e0 des id\u00e9es strat\u00e9giques et \u00e0 des \u00e9valuations de sp\u00e9cialistes pour renforcer leurs op\u00e9rations. Nous facilitons le d\u00e9veloppement de solutions r\u00e9silientes, s\u00e9curis\u00e9es et avant-gardistes qui am\u00e9liorent l\u2019incidence op\u00e9rationnelle. \u00c9valuation des technologies et de l\u2019intelligence artificielle Nous proc\u00e9dons \u00e0 des \u00e9valuations [&hellip;]<\/p>\n","protected":false},"author":1,"featured_media":0,"parent":1844,"menu_order":0,"comment_status":"closed","ping_status":"closed","template":"","meta":{"footnotes":""},"class_list":["post-6639","page","type-page","status-publish","hentry"],"_links":{"self":[{"href":"https:\/\/accerta-changes.stagingtestzone.com\/fr\/wp-json\/wp\/v2\/pages\/6639","targetHints":{"allow":["GET"]}}],"collection":[{"href":"https:\/\/accerta-changes.stagingtestzone.com\/fr\/wp-json\/wp\/v2\/pages"}],"about":[{"href":"https:\/\/accerta-changes.stagingtestzone.com\/fr\/wp-json\/wp\/v2\/types\/page"}],"author":[{"embeddable":true,"href":"https:\/\/accerta-changes.stagingtestzone.com\/fr\/wp-json\/wp\/v2\/users\/1"}],"replies":[{"embeddable":true,"href":"https:\/\/accerta-changes.stagingtestzone.com\/fr\/wp-json\/wp\/v2\/comments?post=6639"}],"version-history":[{"count":4,"href":"https:\/\/accerta-changes.stagingtestzone.com\/fr\/wp-json\/wp\/v2\/pages\/6639\/revisions"}],"predecessor-version":[{"id":6643,"href":"https:\/\/accerta-changes.stagingtestzone.com\/fr\/wp-json\/wp\/v2\/pages\/6639\/revisions\/6643"}],"up":[{"embeddable":true,"href":"https:\/\/accerta-changes.stagingtestzone.com\/fr\/wp-json\/wp\/v2\/pages\/1844"}],"wp:attachment":[{"href":"https:\/\/accerta-changes.stagingtestzone.com\/fr\/wp-json\/wp\/v2\/media?parent=6639"}],"curies":[{"name":"wp","href":"https:\/\/api.w.org\/{rel}","templated":true}]}}