{"id":4540,"date":"2025-04-04T14:26:06","date_gmt":"2025-04-04T14:26:06","guid":{"rendered":"https:\/\/accerta-changes.stagingtestzone.com\/the-accerta-health-access-foundation-grant\/"},"modified":"2025-11-17T14:45:47","modified_gmt":"2025-11-17T14:45:47","slug":"the-accerta-health-access-foundation-grant-fr","status":"publish","type":"page","link":"https:\/\/accerta-changes.stagingtestzone.com\/fr\/the-accerta-health-access-foundation-grant-fr\/","title":{"rendered":"La Fondation Accerta pour l\u2019acc\u00e8s \u00e0 la sant\u00e9"},"content":{"rendered":"\t\t<div data-elementor-type=\"wp-page\" data-elementor-id=\"4540\" class=\"elementor elementor-4540 elementor-4511\" data-elementor-post-type=\"page\">\n\t\t\t\t<div class=\"elementor-element elementor-element-1c88b40 e-flex e-con-boxed e-con e-parent\" data-id=\"1c88b40\" data-element_type=\"container\" data-settings=\"{&quot;background_background&quot;:&quot;classic&quot;}\">\n\t\t\t\t\t<div class=\"e-con-inner\">\n\t\t<div class=\"elementor-element elementor-element-7883787 e-flex e-con-boxed e-con e-child\" data-id=\"7883787\" data-element_type=\"container\">\n\t\t\t\t\t<div class=\"e-con-inner\">\n\t\t<div class=\"elementor-element elementor-element-f9e9253 e-con-full e-flex e-con e-child\" data-id=\"f9e9253\" data-element_type=\"container\">\n\t\t\t\t<div class=\"elementor-element elementor-element-bea4427 elementor-widget elementor-widget-text-editor\" data-id=\"bea4427\" data-element_type=\"widget\" data-widget_type=\"text-editor.default\">\n\t\t\t\t<div class=\"elementor-widget-container\">\n\t\t\t\t\t\t\t\t\t<p><span class=\"NormalTextRun SCXW111722079 BCX8\">La Fondation <\/span><span class=\"NormalTextRun SCXW111722079 BCX8\">Accerta<\/span><span class=\"NormalTextRun SCXW111722079 BCX8\"> pour l\u2019acc\u00e8s \u00e0 la sant\u00e9 (la Fondation Accerta) am\u00e9liore la vie des personnes dans le besoin et s\u2019implique activement dans les communaut\u00e9s o\u00f9 elle m\u00e8ne ses activit\u00e9s. La Fondation Accerta amplifie le travail des organismes de bienfaisance dans tout le Canada pour orienter les gens vers une meilleure sant\u00e9, davantage d\u2019autonomie et une meilleure productivit\u00e9.<\/span><\/p><p><span class=\"NormalTextRun SCXW111722079 BCX8\">Gr\u00e2ce aux subventions, nous renfor\u00e7ons le travail des organismes de bienfaisance enregistr\u00e9s dont les activit\u00e9s am\u00e9liorent l\u2019acc\u00e8s aux soins de sant\u00e9 <\/span><span class=\"NormalTextRun SCXW111722079 BCX8\">et aident les personnes dans le besoin \u00e0 vivre une vie meilleure.<\/span><\/p><p><span class=\"TextRun SCXW191428761 BCX8\" lang=\"FR-CA\" xml:lang=\"FR-CA\" data-contrast=\"none\"><span class=\"NormalTextRun SCXW191428761 BCX8\">La p\u00e9riode de d\u00e9p\u00f4t des candidatures pour la subvention\u202f2025 de la Fondation Accerta pour l\u2019acc\u00e8s \u00e0 la sant\u00e9 est d\u00e9sormais ouverte. <\/span><\/span><strong><span class=\"TextRun SCXW191428761 BCX8\" lang=\"FR-CA\" xml:lang=\"FR-CA\" data-contrast=\"none\"><span class=\"NormalTextRun SCXW191428761 BCX8\">La p\u00e9riode de candidature sera ouverte du 17\u202fnovembre 2025 au 13\u202ff\u00e9vrier 2026<\/span><\/span><span class=\"TextRun SCXW191428761 BCX8\" lang=\"FR-CA\" xml:lang=\"FR-CA\" data-contrast=\"none\"><span class=\"NormalTextRun SCXW191428761 BCX8\">.\u00a0<\/span><\/span><span class=\"EOP SCXW191428761 BCX8\" data-ccp-props=\"{}\">\u00a0<\/span><\/strong><\/p><p><span class=\"TextRun SCXW55817676 BCX8\" lang=\"FR-CA\" xml:lang=\"FR-CA\" data-contrast=\"none\"><span class=\"NormalTextRun SCXW55817676 BCX8\">La Fondation <\/span><span class=\"NormalTextRun SCXW55817676 BCX8\">Accerta<\/span><span class=\"NormalTextRun SCXW55817676 BCX8\"> pour l\u2019acc\u00e8s \u00e0 la sant\u00e9 accorde une subvention annuelle totale de 150\u202f000\u202f$, qui peut \u00eatre attribu\u00e9e \u00e0 un ou plusieurs candidats, \u00e0 la discr\u00e9tion de la commission. Les candidats retenus seront inform\u00e9s dans les 98\u202fjours suivant la date limite de d\u00e9p\u00f4t des candidatures. Les anciens b\u00e9n\u00e9ficiaires de la subvention sont invit\u00e9s \u00e0 poser leur candidature; toutefois, les demandes doivent proposer un tout nouveau projet distinct. Aucun financement ne sera accord\u00e9 pour des projets d\u00e9j\u00e0 soutenus par la <\/span><span class=\"NormalTextRun SCXW55817676 BCX8\">Fondation.<\/span><\/span><span class=\"EOP SCXW55817676 BCX8\" data-ccp-props=\"{}\">\u00a0<\/span><\/p>\t\t\t\t\t\t\t\t<\/div>\n\t\t\t\t<\/div>\n\t\t\t\t<div class=\"elementor-element elementor-element-eb64d90 elementor-widget elementor-widget-button\" data-id=\"eb64d90\" data-element_type=\"widget\" data-widget_type=\"button.default\">\n\t\t\t\t<div class=\"elementor-widget-container\">\n\t\t\t\t\t\t\t\t\t<div class=\"elementor-button-wrapper\">\n\t\t\t\t\t<a class=\"elementor-button elementor-button-link elementor-size-sm\" href=\"https:\/\/ontariodentalassociation.formstack.com\/forms\/accerta_foundation_grant_application_french_2025\" target=\"_blank\" rel=\"noopener\">\n\t\t\t\t\t\t<span class=\"elementor-button-content-wrapper\">\n\t\t\t\t\t\t\t\t\t<span class=\"elementor-button-text\">Postuler ici<\/span>\n\t\t\t\t\t<\/span>\n\t\t\t\t\t<\/a>\n\t\t\t\t<\/div>\n\t\t\t\t\t\t\t\t<\/div>\n\t\t\t\t<\/div>\n\t\t\t\t<\/div>\n\t\t\t\t\t<\/div>\n\t\t\t\t<\/div>\n\t\t\t\t\t<\/div>\n\t\t\t\t<\/div>\n\t\t<div class=\"elementor-element elementor-element-cceccf1 e-flex e-con-boxed e-con e-parent\" data-id=\"cceccf1\" data-element_type=\"container\">\n\t\t\t\t\t<div class=\"e-con-inner\">\n\t\t<div class=\"elementor-element elementor-element-aebcaf4 e-con-full e-flex e-con e-child\" data-id=\"aebcaf4\" data-element_type=\"container\">\n\t\t\t\t<div class=\"elementor-element elementor-element-4f84612 elementor-widget elementor-widget-heading\" data-id=\"4f84612\" data-element_type=\"widget\" data-widget_type=\"heading.default\">\n\t\t\t\t<div class=\"elementor-widget-container\">\n\t\t\t\t\t<h3 class=\"elementor-heading-title elementor-size-default\">La Fondation Accerta pour l\u2019acc\u00e8s \u00e0 la sant\u00e9 (la Fondation Accerta) est fi\u00e8re d\u2019annoncer les laur\u00e9ats du cycle de financement des subventions pour l\u2019acc\u00e8s \u00e0 la sant\u00e9 2024-2025  :<\/h3>\t\t\t\t<\/div>\n\t\t\t\t<\/div>\n\t\t\t\t<div class=\"elementor-element elementor-element-48a8475 elementor-widget elementor-widget-text-editor\" data-id=\"48a8475\" data-element_type=\"widget\" data-widget_type=\"text-editor.default\">\n\t\t\t\t<div class=\"elementor-widget-container\">\n\t\t\t\t\t\t\t\t\t<p><a href=\"https:\/\/welcomeinn.ca\/\" target=\"_blank\" rel=\"noopener\"><strong>Centre communautaire Welcome Inn d&rsquo;Hamilton<\/strong><\/a>\u00a0<\/p><p><span class=\"TextRun SCXW183948297 BCX8\" lang=\"FR-CA\" xml:lang=\"FR-CA\" data-contrast=\"auto\"><span class=\"NormalTextRun SCXW183948297 BCX8\">Les programmes de repas collectifs et de visites pour les personnes \u00e2g\u00e9es visent \u00e0 r\u00e9duire la pauvret\u00e9 et l\u2019isolement social des personnes \u00e2g\u00e9es en d\u00e9veloppant les services de repas et de visites, favorisant ainsi le bien-\u00eatre et les relations de soutien.\u00a0<\/span><\/span><span class=\"EOP SCXW183948297 BCX8\" data-ccp-props=\"{}\">\u00a0<\/span><\/p><p>\u00a0<\/p><p><a href=\"https:\/\/ottawamission.com\/?lang=fr\" target=\"_blank\" rel=\"noopener\"><strong>La mission d&rsquo;Ottawa<\/strong><\/a>\u00a0<\/p><p><span class=\"TextRun SCXW124818225 BCX8\" lang=\"FR-CA\" xml:lang=\"FR-CA\" data-contrast=\"auto\"><span class=\"NormalTextRun SCXW124818225 BCX8\">Le projet d\u2019am\u00e9lioration de la clinique dentaire<\/span><\/span> <span class=\"TextRun SCXW124818225 BCX8\" lang=\"FR-CA\" xml:lang=\"FR-CA\" data-contrast=\"auto\"><span class=\"NormalTextRun SCXW124818225 BCX8\">offre des soins dentaires pr\u00e9ventifs et r\u00e9parateurs gratuits <\/span><span class=\"NormalTextRun ContextualSpellingAndGrammarErrorV2Themed SCXW124818225 BCX8\">aux sans-abri<\/span><span class=\"NormalTextRun SCXW124818225 BCX8\"> et aux populations \u00e0 risque. Le financement est utilis\u00e9 pour remplacer l\u2019\u00e9quipement dentaire vieillissant, garantissant ainsi le maintien de soins de qualit\u00e9.\u00a0<\/span><\/span><span class=\"EOP SCXW124818225 BCX8\" data-ccp-props=\"{}\">\u00a0<\/span><\/p><p>\u00a0<\/p><p><a href=\"https:\/\/www.ysm.ca\/\" target=\"_blank\" rel=\"noopener\"><strong>Yonge Street Mission<\/strong><\/a><\/p><p><span class=\"NormalTextRun SCXW74144823 BCX8\">Le projet \u00ab\u202f<\/span><span class=\"NormalTextRun SpellingErrorV2Themed SCXW74144823 BCX8\">Expanding<\/span><span class=\"NormalTextRun SCXW74144823 BCX8\"> Dental Care Access for <\/span><span class=\"NormalTextRun SpellingErrorV2Themed SCXW74144823 BCX8\">Vulnerable<\/span> <span class=\"NormalTextRun SpellingErrorV2Themed SCXW74144823 BCX8\">Youth<\/span><span class=\"NormalTextRun SCXW74144823 BCX8\">\u202f\u00bb pour un meilleur acc\u00e8s aux soins dentaires des jeunes renforce la capacit\u00e9 de la clinique en embauchant un assistant dentaire \u00e0 temps partiel, r\u00e9duisant ainsi les obstacles \u00e0 la sant\u00e9 bucco-dentaire des jeunes en situation de vuln\u00e9rabilit\u00e9.<\/span><\/p><p>\u00a0<\/p><p><a href=\"https:\/\/abortioncarecanada.ca\/\" target=\"_blank\" rel=\"noopener\"><strong><span class=\"TextRun SCXW234837436 BCX8\" lang=\"FR-CA\" xml:lang=\"FR-CA\" data-contrast=\"auto\"><span class=\"NormalTextRun SCXW234837436 BCX8\">F\u00e9d\u00e9ration nationale de l\u2019avortement du Canada<\/span><\/span><span class=\"EOP SCXW234837436 BCX8\" data-ccp-props=\"{}\">\u00a0<\/span> <\/strong><\/a><\/p><p><span class=\"TextRun SCXW72035598 BCX8\" lang=\"FR-CA\" xml:lang=\"FR-CA\" data-contrast=\"auto\"><span class=\"NormalTextRun SCXW72035598 BCX8\">Le projet \u00ab\u202f<\/span><span class=\"NormalTextRun SpellingErrorV2Themed SCXW72035598 BCX8\">Gender<\/span> <span class=\"NormalTextRun SpellingErrorV2Themed SCXW72035598 BCX8\">Equity<\/span><span class=\"NormalTextRun SCXW72035598 BCX8\"> and <\/span><span class=\"NormalTextRun SpellingErrorV2Themed SCXW72035598 BCX8\">Bodily<\/span><span class=\"NormalTextRun SCXW72035598 BCX8\"> Autonomy <\/span><span class=\"NormalTextRun SpellingErrorV2Themed SCXW72035598 BCX8\">through<\/span><span class=\"NormalTextRun SCXW72035598 BCX8\"> Healthcare\u202f\u00bb d\u2019\u00e9quit\u00e9 entre les genres et d\u2019autonomie corporelle par le biais des soins de sant\u00e9 offre des services complets de sant\u00e9 reproductive, incluant l\u2019orientation dans le syst\u00e8me de soins, le soutien psychologique, la planification en mati\u00e8re de s\u00e9curit\u00e9 et le soutien financier pour les d\u00e9placements.<\/span><\/span><span class=\"EOP SCXW72035598 BCX8\" data-ccp-props=\"{}\">\u00a0<\/span><\/p><p>\u00a0<\/p><p><a href=\"https:\/\/www.girlsincyork.org\/\" target=\"_blank\" rel=\"noopener\"><strong><span class=\"TextRun SCXW7504480 BCX8\" lang=\"FR-CA\" xml:lang=\"FR-CA\" data-contrast=\"auto\"><span class=\"NormalTextRun SCXW7504480 BCX8\">Girls Inc. de la r\u00e9gion de York<\/span><\/span><\/strong><\/a><\/p><p><span class=\"TextRun SCXW21448857 BCX8\" lang=\"FR-CA\" xml:lang=\"FR-CA\" data-contrast=\"auto\"><span class=\"NormalTextRun SCXW21448857 BCX8\">Les programmes d\u2019autonomisation des filles proposent des programmes ax\u00e9s sur la sant\u00e9 mentale, le leadership et la r\u00e9silience des filles dans les communaut\u00e9s urbaines et rurales.<\/span><\/span><span class=\"EOP SCXW21448857 BCX8\" data-ccp-props=\"{}\">\u00a0<\/span><\/p>\t\t\t\t\t\t\t\t<\/div>\n\t\t\t\t<\/div>\n\t\t\t\t<div class=\"elementor-element elementor-element-478aec8 elementor-widget elementor-widget-heading\" data-id=\"478aec8\" data-element_type=\"widget\" data-widget_type=\"heading.default\">\n\t\t\t\t<div class=\"elementor-widget-container\">\n\t\t\t\t\t<h3 class=\"elementor-heading-title elementor-size-default\">Consultez la liste des b\u00e9n\u00e9ficiaires des subventions accord\u00e9es par la Fondation Accerta pour l\u2019acc\u00e8s \u00e0 la sant\u00e9 et d\u00e9couvrez les d\u00e9tails des projets r\u00e9compens\u00e9s par le pass\u00e9.<\/h3>\t\t\t\t<\/div>\n\t\t\t\t<\/div>\n\t\t\t\t<div class=\"elementor-element elementor-element-d7b915b elementor-widget elementor-widget-button\" data-id=\"d7b915b\" data-element_type=\"widget\" data-widget_type=\"button.default\">\n\t\t\t\t<div class=\"elementor-widget-container\">\n\t\t\t\t\t\t\t\t\t<div class=\"elementor-button-wrapper\">\n\t\t\t\t\t<a class=\"elementor-button elementor-button-link elementor-size-sm\" href=\"https:\/\/accerta-changes.stagingtestzone.com\/wp-content\/uploads\/Precedents-beneficiaires-de-subventions-de-la-Fondation-Accerta_Nov-2025.pdf\">\n\t\t\t\t\t\t<span class=\"elementor-button-content-wrapper\">\n\t\t\t\t\t\t\t\t\t<span class=\"elementor-button-text\">En savoir plus<\/span>\n\t\t\t\t\t<\/span>\n\t\t\t\t\t<\/a>\n\t\t\t\t<\/div>\n\t\t\t\t\t\t\t\t<\/div>\n\t\t\t\t<\/div>\n\t\t\t\t<div class=\"elementor-element elementor-element-85d0642 elementor-widget elementor-widget-heading\" data-id=\"85d0642\" data-element_type=\"widget\" data-widget_type=\"heading.default\">\n\t\t\t\t<div class=\"elementor-widget-container\">\n\t\t\t\t\t<h3 class=\"elementor-heading-title elementor-size-default\">Contact<\/h3>\t\t\t\t<\/div>\n\t\t\t\t<\/div>\n\t\t\t\t<div class=\"elementor-element elementor-element-d8639b1 elementor-widget elementor-widget-text-editor\" data-id=\"d8639b1\" data-element_type=\"widget\" data-widget_type=\"text-editor.default\">\n\t\t\t\t<div class=\"elementor-widget-container\">\n\t\t\t\t\t\t\t\t\t<p>Pour plus d\u2019informations, veuillez nous envoyer un courriel \u00e0 : <a href=\"mailto:applications@accerta.ca\">applications@accerta.ca<\/a><\/p>\t\t\t\t\t\t\t\t<\/div>\n\t\t\t\t<\/div>\n\t\t\t\t<\/div>\n\t\t\t\t\t<\/div>\n\t\t\t\t<\/div>\n\t\t\t\t<\/div>\n\t\t","protected":false},"excerpt":{"rendered":"<p>La Fondation Accerta pour l\u2019acc\u00e8s \u00e0 la sant\u00e9 (la Fondation Accerta) am\u00e9liore la vie des personnes dans le besoin et s\u2019implique activement dans les communaut\u00e9s o\u00f9 elle m\u00e8ne ses activit\u00e9s. La Fondation Accerta amplifie le travail des organismes de bienfaisance dans tout le Canada pour orienter les gens vers une meilleure sant\u00e9, davantage d\u2019autonomie et [&hellip;]<\/p>\n","protected":false},"author":1,"featured_media":0,"parent":0,"menu_order":0,"comment_status":"closed","ping_status":"closed","template":"","meta":{"footnotes":""},"class_list":["post-4540","page","type-page","status-publish","hentry"],"_links":{"self":[{"href":"https:\/\/accerta-changes.stagingtestzone.com\/fr\/wp-json\/wp\/v2\/pages\/4540","targetHints":{"allow":["GET"]}}],"collection":[{"href":"https:\/\/accerta-changes.stagingtestzone.com\/fr\/wp-json\/wp\/v2\/pages"}],"about":[{"href":"https:\/\/accerta-changes.stagingtestzone.com\/fr\/wp-json\/wp\/v2\/types\/page"}],"author":[{"embeddable":true,"href":"https:\/\/accerta-changes.stagingtestzone.com\/fr\/wp-json\/wp\/v2\/users\/1"}],"replies":[{"embeddable":true,"href":"https:\/\/accerta-changes.stagingtestzone.com\/fr\/wp-json\/wp\/v2\/comments?post=4540"}],"version-history":[{"count":33,"href":"https:\/\/accerta-changes.stagingtestzone.com\/fr\/wp-json\/wp\/v2\/pages\/4540\/revisions"}],"predecessor-version":[{"id":6763,"href":"https:\/\/accerta-changes.stagingtestzone.com\/fr\/wp-json\/wp\/v2\/pages\/4540\/revisions\/6763"}],"wp:attachment":[{"href":"https:\/\/accerta-changes.stagingtestzone.com\/fr\/wp-json\/wp\/v2\/media?parent=4540"}],"curies":[{"name":"wp","href":"https:\/\/api.w.org\/{rel}","templated":true}]}}