{"id":4361,"date":"2024-11-27T18:38:19","date_gmt":"2024-11-27T18:38:19","guid":{"rendered":"https:\/\/accerta-changes.stagingtestzone.com\/careers\/"},"modified":"2025-04-15T17:44:09","modified_gmt":"2025-04-15T17:44:09","slug":"careers","status":"publish","type":"page","link":"https:\/\/accerta-changes.stagingtestzone.com\/fr\/careers\/","title":{"rendered":"Carri\u00e8res"},"content":{"rendered":"\t\t<div data-elementor-type=\"wp-page\" data-elementor-id=\"4361\" class=\"elementor elementor-4361 elementor-2305\" data-elementor-post-type=\"page\">\n\t\t\t\t<div class=\"elementor-element elementor-element-8038428 e-flex e-con-boxed e-con e-parent\" data-id=\"8038428\" data-element_type=\"container\" data-settings=\"{&quot;background_background&quot;:&quot;classic&quot;}\">\n\t\t\t\t\t<div class=\"e-con-inner\">\n\t\t\t\t<div class=\"elementor-element elementor-element-1bd5705 elementor-widget elementor-widget-heading\" data-id=\"1bd5705\" data-element_type=\"widget\" data-widget_type=\"heading.default\">\n\t\t\t\t<div class=\"elementor-widget-container\">\n\t\t\t\t\t<h2 class=\"elementor-heading-title elementor-size-default\">Postes disponibles<\/h2>\t\t\t\t<\/div>\n\t\t\t\t<\/div>\n\t\t<div class=\"elementor-element elementor-element-1e7ecdc e-con-full e-grid e-con e-child\" data-id=\"1e7ecdc\" data-element_type=\"container\">\n\t\t<div class=\"elementor-element elementor-element-f985887 e-con-full e-grid e-con e-child\" data-id=\"f985887\" data-element_type=\"container\">\n\t\t<div class=\"elementor-element elementor-element-02369b2 e-con-full e-flex e-con e-child\" data-id=\"02369b2\" data-element_type=\"container\" data-settings=\"{&quot;background_background&quot;:&quot;classic&quot;}\">\n\t\t\t\t<div class=\"elementor-element elementor-element-3ee7b18 elementor-widget elementor-widget-text-editor\" data-id=\"3ee7b18\" data-element_type=\"widget\" data-widget_type=\"text-editor.default\">\n\t\t\t\t<div class=\"elementor-widget-container\">\n\t\t\t\t\t\t\t\t\t<p class=\"yiv0739976734elementToProof\">Accerta est une organisation novatrice ax\u00e9e sur des objectifs qui cherche des personnes passionn\u00e9es et talentueuses pour se joindre \u00e0 son \u00e9quipe et contribuer \u00e0 fa\u00e7onner l\u2019avenir. Si vous \u00eates motiv\u00e9, curieux et pr\u00eat \u00e0 avoir une incidence, contactez-nous. D\u00e9couvrez nos postes \u00e0 pourvoir et franchissez une nouvelle \u00e9tape de votre carri\u00e8re avec nous.<\/p>\t\t\t\t\t\t\t\t<\/div>\n\t\t\t\t<\/div>\n\t\t\t\t<div class=\"elementor-element elementor-element-d439b9d elementor-align-center elementor-widget elementor-widget-button\" data-id=\"d439b9d\" data-element_type=\"widget\" data-widget_type=\"button.default\">\n\t\t\t\t<div class=\"elementor-widget-container\">\n\t\t\t\t\t\t\t\t\t<div class=\"elementor-button-wrapper\">\n\t\t\t\t\t<a class=\"elementor-button elementor-button-link elementor-size-sm\" href=\"https:\/\/accerta-changes.stagingtestzone.com\/available-positions\/\">\n\t\t\t\t\t\t<span class=\"elementor-button-content-wrapper\">\n\t\t\t\t\t\t\t\t\t<span class=\"elementor-button-text\">voir tous les postes<\/span>\n\t\t\t\t\t<\/span>\n\t\t\t\t\t<\/a>\n\t\t\t\t<\/div>\n\t\t\t\t\t\t\t\t<\/div>\n\t\t\t\t<\/div>\n\t\t\t\t<\/div>\n\t\t\t\t<\/div>\n\t\t\t\t<\/div>\n\t\t\t\t\t<\/div>\n\t\t\t\t<\/div>\n\t\t<div class=\"elementor-element elementor-element-71fcef0 e-flex e-con-boxed e-con e-parent\" data-id=\"71fcef0\" data-element_type=\"container\" data-settings=\"{&quot;background_background&quot;:&quot;classic&quot;}\">\n\t\t\t\t\t<div class=\"e-con-inner\">\n\t\t<div class=\"elementor-element elementor-element-a8ca80d e-con-full e-flex e-con e-child\" data-id=\"a8ca80d\" data-element_type=\"container\">\n\t\t<div class=\"elementor-element elementor-element-8410d4d e-con-full e-flex e-con e-child\" data-id=\"8410d4d\" data-element_type=\"container\">\n\t\t<div class=\"elementor-element elementor-element-d146b55 e-con-full e-flex e-con e-child\" data-id=\"d146b55\" data-element_type=\"container\">\n\t\t\t\t<div class=\"elementor-element elementor-element-403b1bd elementor-widget elementor-widget-heading\" data-id=\"403b1bd\" data-element_type=\"widget\" data-widget_type=\"heading.default\">\n\t\t\t\t<div class=\"elementor-widget-container\">\n\t\t\t\t\t<h2 class=\"elementor-heading-title elementor-size-default\">Inclusion et \u00e9galit\u00e9 d\u2019acc\u00e8s \u00e0 l\u2019emploi<\/h2>\t\t\t\t<\/div>\n\t\t\t\t<\/div>\n\t\t\t\t<div class=\"elementor-element elementor-element-25fb930 elementor-widget elementor-widget-text-editor\" data-id=\"25fb930\" data-element_type=\"widget\" data-widget_type=\"text-editor.default\">\n\t\t\t\t<div class=\"elementor-widget-container\">\n\t\t\t\t\t\t\t\t\t<p>Accerta est un employeur qui souscrit au principe de l\u2019\u00e9galit\u00e9 d\u2019acc\u00e8s \u00e0 l\u2019emploi et s\u2019engage \u00e0 favoriser la diversit\u00e9 et l\u2019int\u00e9gration sur le lieu de travail. La soci\u00e9t\u00e9 r\u00e9unit un personnel qui refl\u00e8te les communaut\u00e9s qu\u2019elle sert, et promeut un lieu de travail diversifi\u00e9, inclusif, accessible, respectueux, aimable et \u00e9quitable.<\/p>\t\t\t\t\t\t\t\t<\/div>\n\t\t\t\t<\/div>\n\t\t\t\t<\/div>\n\t\t<div class=\"elementor-element elementor-element-be56060 e-con-full e-flex e-con e-child\" data-id=\"be56060\" data-element_type=\"container\">\n\t\t\t\t<div class=\"elementor-element elementor-element-e4f1d54 elementor-widget elementor-widget-image\" data-id=\"e4f1d54\" data-element_type=\"widget\" data-widget_type=\"image.default\">\n\t\t\t\t<div class=\"elementor-widget-container\">\n\t\t\t\t\t\t\t\t\t\t\t\t\t\t\t<img fetchpriority=\"high\" decoding=\"async\" width=\"600\" height=\"331\" src=\"https:\/\/accerta-changes.stagingtestzone.com\/wp-content\/uploads\/AdobeStock_499690357.jpg\" class=\"attachment-full size-full wp-image-5351\" alt=\"Une femme discutant \u00e0 un bureau avec plusieurs personnes.\" srcset=\"https:\/\/accerta-changes.stagingtestzone.com\/wp-content\/uploads\/AdobeStock_499690357.jpg 600w, https:\/\/accerta-changes.stagingtestzone.com\/wp-content\/uploads\/AdobeStock_499690357-300x166.jpg 300w\" sizes=\"(max-width: 600px) 100vw, 600px\" \/>\t\t\t\t\t\t\t\t\t\t\t\t\t\t\t<\/div>\n\t\t\t\t<\/div>\n\t\t\t\t<\/div>\n\t\t\t\t<\/div>\n\t\t\t\t<\/div>\n\t\t<div class=\"elementor-element elementor-element-2c98802 e-con-full e-flex e-con e-child\" data-id=\"2c98802\" data-element_type=\"container\">\n\t\t<div class=\"elementor-element elementor-element-307d49f e-con-full e-flex e-con e-child\" data-id=\"307d49f\" data-element_type=\"container\">\n\t\t<div class=\"elementor-element elementor-element-e5040a8 e-con-full e-flex e-con e-child\" data-id=\"e5040a8\" data-element_type=\"container\">\n\t\t\t\t<div class=\"elementor-element elementor-element-a83403f elementor-widget elementor-widget-image\" data-id=\"a83403f\" data-element_type=\"widget\" data-widget_type=\"image.default\">\n\t\t\t\t<div class=\"elementor-widget-container\">\n\t\t\t\t\t\t\t\t\t\t\t\t\t\t\t<img decoding=\"async\" width=\"600\" height=\"344\" src=\"https:\/\/accerta-changes.stagingtestzone.com\/wp-content\/uploads\/AdobeStock_1022764419.jpg\" class=\"attachment-full size-full wp-image-5367\" alt=\"Une femme assise qui frappe dans ses mains, exprimant sa joie et son enthousiasme.\" srcset=\"https:\/\/accerta-changes.stagingtestzone.com\/wp-content\/uploads\/AdobeStock_1022764419.jpg 600w, https:\/\/accerta-changes.stagingtestzone.com\/wp-content\/uploads\/AdobeStock_1022764419-300x172.jpg 300w\" sizes=\"(max-width: 600px) 100vw, 600px\" \/>\t\t\t\t\t\t\t\t\t\t\t\t\t\t\t<\/div>\n\t\t\t\t<\/div>\n\t\t\t\t<\/div>\n\t\t\t\t<\/div>\n\t\t<div class=\"elementor-element elementor-element-940fcfc e-con-full e-flex e-con e-child\" data-id=\"940fcfc\" data-element_type=\"container\">\n\t\t\t\t<div class=\"elementor-element elementor-element-eb2773b elementor-widget elementor-widget-heading\" data-id=\"eb2773b\" data-element_type=\"widget\" data-widget_type=\"heading.default\">\n\t\t\t\t<div class=\"elementor-widget-container\">\n\t\t\t\t\t<h2 class=\"elementor-heading-title elementor-size-default\">Esprit d\u2019\u00e9quipe<\/h2>\t\t\t\t<\/div>\n\t\t\t\t<\/div>\n\t\t\t\t<div class=\"elementor-element elementor-element-b8dbf18 elementor-widget elementor-widget-text-editor\" data-id=\"b8dbf18\" data-element_type=\"widget\" data-widget_type=\"text-editor.default\">\n\t\t\t\t<div class=\"elementor-widget-container\">\n\t\t\t\t\t\t\t\t\t<p>Chez Accerta, nous valorisons l\u2019esprit d\u2019\u00e9quipe et faisons de notre mieux pour favoriser un environnement amical et engageant au sein de notre bureau. Nous organisons r\u00e9guli\u00e8rement des \u00e9v\u00e9nements pour le personnel et disposons d\u2019un comit\u00e9 social actif.<br \/><br \/>Nous pensons que l\u2019esprit d\u2019\u00e9quipe va au-del\u00e0 du cadre du bureau. Nous encourageons les employ\u00e9s \u00e0 soutenir les causes qui les passionnent. Nous nous regroupons pour rendre service \u00e0 la communaut\u00e9, en liant nos heures de b\u00e9n\u00e9volat et nos actions caritatives \u00e0 notre vision et \u00e0 notre mission.<\/p>\t\t\t\t\t\t\t\t<\/div>\n\t\t\t\t<\/div>\n\t\t\t\t<\/div>\n\t\t\t\t<\/div>\n\t\t\t\t\t<\/div>\n\t\t\t\t<\/div>\n\t\t<div class=\"elementor-element elementor-element-72db1e1 e-flex e-con-boxed e-con e-parent\" data-id=\"72db1e1\" data-element_type=\"container\" data-settings=\"{&quot;background_background&quot;:&quot;classic&quot;}\">\n\t\t\t\t\t<div class=\"e-con-inner\">\n\t\t\t\t<div class=\"elementor-element elementor-element-6f3abfb elementor-widget elementor-widget-image\" data-id=\"6f3abfb\" data-element_type=\"widget\" data-widget_type=\"image.default\">\n\t\t\t\t<div class=\"elementor-widget-container\">\n\t\t\t\t\t\t\t\t\t\t\t\t\t\t\t<img decoding=\"async\" width=\"700\" height=\"425\" src=\"https:\/\/accerta-changes.stagingtestzone.com\/wp-content\/uploads\/careers-benefits-FRENCH-new-all-1.png\" class=\"attachment-large size-large wp-image-5218\" alt=\"Une infographie intitul\u00e9e \u00ab Avantages et privil\u00e8ges pour les employ\u00e9s \u00bb avec six ic\u00f4nes tout autour. Les ic\u00f4nes repr\u00e9sentent le programme de soins dentaires et de sant\u00e9 complets, l\u2019avancement de carri\u00e8re et les r\u00e9compenses annuelles de reconnaissance, le r\u00e9gime de retraite avec contribution de contrepartie de l\u2019entreprise, le programme d\u2019aide aux employ\u00e9s, les cong\u00e9s pour activit\u00e9s b\u00e9n\u00e9voles et le REER facultatif de groupe. Chaque ic\u00f4ne est accompagn\u00e9e d\u2019une br\u00e8ve description.\" srcset=\"https:\/\/accerta-changes.stagingtestzone.com\/wp-content\/uploads\/careers-benefits-FRENCH-new-all-1.png 700w, https:\/\/accerta-changes.stagingtestzone.com\/wp-content\/uploads\/careers-benefits-FRENCH-new-all-1-300x182.png 300w\" sizes=\"(max-width: 700px) 100vw, 700px\" \/>\t\t\t\t\t\t\t\t\t\t\t\t\t\t\t<\/div>\n\t\t\t\t<\/div>\n\t\t<div class=\"elementor-element elementor-element-7cde288 e-con-full e-flex e-con e-child\" data-id=\"7cde288\" data-element_type=\"container\" data-settings=\"{&quot;background_background&quot;:&quot;classic&quot;}\">\n\t\t<div class=\"elementor-element elementor-element-f2e1552 e-con-full e-grid e-con e-child\" data-id=\"f2e1552\" data-element_type=\"container\">\n\t\t<div class=\"elementor-element elementor-element-0701ef1 e-con-full e-flex e-con e-child\" data-id=\"0701ef1\" data-element_type=\"container\" data-settings=\"{&quot;background_background&quot;:&quot;classic&quot;}\">\n\t\t\t\t<div class=\"elementor-element elementor-element-966182c elementor-widget elementor-widget-image\" data-id=\"966182c\" data-element_type=\"widget\" data-widget_type=\"image.default\">\n\t\t\t\t<div class=\"elementor-widget-container\">\n\t\t\t\t\t\t\t\t\t\t\t\t\t\t\t<img loading=\"lazy\" decoding=\"async\" width=\"1204\" height=\"1985\" src=\"https:\/\/accerta-changes.stagingtestzone.com\/wp-content\/uploads\/b_corp_fr.png\" class=\"attachment-full size-full wp-image-4401\" alt=\"Certification B Corp\" srcset=\"https:\/\/accerta-changes.stagingtestzone.com\/wp-content\/uploads\/b_corp_fr.png 1204w, https:\/\/accerta-changes.stagingtestzone.com\/wp-content\/uploads\/b_corp_fr-182x300.png 182w, https:\/\/accerta-changes.stagingtestzone.com\/wp-content\/uploads\/b_corp_fr-621x1024.png 621w, https:\/\/accerta-changes.stagingtestzone.com\/wp-content\/uploads\/b_corp_fr-768x1266.png 768w, https:\/\/accerta-changes.stagingtestzone.com\/wp-content\/uploads\/b_corp_fr-932x1536.png 932w\" sizes=\"(max-width: 1204px) 100vw, 1204px\" \/>\t\t\t\t\t\t\t\t\t\t\t\t\t\t\t<\/div>\n\t\t\t\t<\/div>\n\t\t\t\t<div class=\"elementor-element elementor-element-cf5092b elementor-widget elementor-widget-heading\" data-id=\"cf5092b\" data-element_type=\"widget\" data-widget_type=\"heading.default\">\n\t\t\t\t<div class=\"elementor-widget-container\">\n\t\t\t\t\t<h3 class=\"elementor-heading-title elementor-size-default\">Certification B Corp <\/h3>\t\t\t\t<\/div>\n\t\t\t\t<\/div>\n\t\t\t\t<div class=\"elementor-element elementor-element-e2436f7 elementor-widget elementor-widget-text-editor\" data-id=\"e2436f7\" data-element_type=\"widget\" data-widget_type=\"text-editor.default\">\n\t\t\t\t<div class=\"elementor-widget-container\">\n\t\t\t\t\t\t\t\t\t<p>Accerta est un employeur certifi\u00e9 B\u00a0Corp qui souscrit au principe de l\u2019\u00e9galit\u00e9 d\u2019acc\u00e8s \u00e0 l\u2019emploi et s\u2019engage en faveur de la diversit\u00e9 et de l\u2019inclusion. La soci\u00e9t\u00e9 propose des avantages comp\u00e9titifs, des salaires \u00e9quitables, une main-d\u2019\u0153uvre diversifi\u00e9e et des possibilit\u00e9s d\u2019\u00e9volution.<\/p>\t\t\t\t\t\t\t\t<\/div>\n\t\t\t\t<\/div>\n\t\t\t\t<\/div>\n\t\t<div class=\"elementor-element elementor-element-062aefa e-con-full e-flex e-con e-child\" data-id=\"062aefa\" data-element_type=\"container\" data-settings=\"{&quot;background_background&quot;:&quot;classic&quot;}\">\n\t\t\t\t<div class=\"elementor-element elementor-element-44e520e elementor-widget elementor-widget-image\" data-id=\"44e520e\" data-element_type=\"widget\" data-widget_type=\"image.default\">\n\t\t\t\t<div class=\"elementor-widget-container\">\n\t\t\t\t\t\t\t\t\t\t\t\t\t\t\t<img loading=\"lazy\" decoding=\"async\" width=\"640\" height=\"385\" src=\"https:\/\/accerta-changes.stagingtestzone.com\/wp-content\/uploads\/LivingWageweb.png\" class=\"attachment-full size-full wp-image-2143\" alt=\"We Are A Living Wage Employer Ontariolivingwage.ca\" srcset=\"https:\/\/accerta-changes.stagingtestzone.com\/wp-content\/uploads\/LivingWageweb.png 640w, https:\/\/accerta-changes.stagingtestzone.com\/wp-content\/uploads\/LivingWageweb-300x180.png 300w\" sizes=\"(max-width: 640px) 100vw, 640px\" \/>\t\t\t\t\t\t\t\t\t\t\t\t\t\t\t<\/div>\n\t\t\t\t<\/div>\n\t\t\t\t<div class=\"elementor-element elementor-element-f2a2796 elementor-widget elementor-widget-heading\" data-id=\"f2a2796\" data-element_type=\"widget\" data-widget_type=\"heading.default\">\n\t\t\t\t<div class=\"elementor-widget-container\">\n\t\t\t\t\t<h3 class=\"elementor-heading-title elementor-size-default\">Employeur Living Wage <\/h3>\t\t\t\t<\/div>\n\t\t\t\t<\/div>\n\t\t\t\t<div class=\"elementor-element elementor-element-bcb7541 elementor-widget elementor-widget-text-editor\" data-id=\"bcb7541\" data-element_type=\"widget\" data-widget_type=\"text-editor.default\">\n\t\t\t\t<div class=\"elementor-widget-container\">\n\t\t\t\t\t\t\t\t\t<p>Accerta s\u2019engage \u00e0 respecter la justice et l\u2019\u00e9quit\u00e9 sur le lieu de travail. En tant qu\u2019employeur Living\u00a0Wage, elle investit dans ses employ\u00e9s et dans les communaut\u00e9s qu\u2019elle sert. Selon Accerta, une r\u00e9mun\u00e9ration \u00e9quitable est essentielle pour constituer une main-d\u2019\u0153uvre d\u00e9vou\u00e9e, qualifi\u00e9e et en bonne sant\u00e9, ce qui renforce \u00e0 la fois l\u2019organisation et l\u2019\u00e9conomie dans son ensemble.<\/p>\t\t\t\t\t\t\t\t<\/div>\n\t\t\t\t<\/div>\n\t\t\t\t<\/div>\n\t\t<div class=\"elementor-element elementor-element-df24277 e-con-full e-flex e-con e-child\" data-id=\"df24277\" data-element_type=\"container\" data-settings=\"{&quot;background_background&quot;:&quot;classic&quot;}\">\n\t\t\t\t<div class=\"elementor-element elementor-element-c56f178 elementor-widget elementor-widget-image\" data-id=\"c56f178\" data-element_type=\"widget\" data-widget_type=\"image.default\">\n\t\t\t\t<div class=\"elementor-widget-container\">\n\t\t\t\t\t\t\t\t\t\t\t\t\t\t\t<img loading=\"lazy\" decoding=\"async\" width=\"2480\" height=\"3508\" src=\"https:\/\/accerta-changes.stagingtestzone.com\/wp-content\/uploads\/Accerta_CA_French_2025_Certification_Badge.png\" class=\"attachment-full size-full wp-image-4726\" alt=\"Great Place to Work. Certification pour MARS 2025 \u00e0 MARS 2026, Canada\" srcset=\"https:\/\/accerta-changes.stagingtestzone.com\/wp-content\/uploads\/Accerta_CA_French_2025_Certification_Badge.png 2480w, https:\/\/accerta-changes.stagingtestzone.com\/wp-content\/uploads\/Accerta_CA_French_2025_Certification_Badge-212x300.png 212w, https:\/\/accerta-changes.stagingtestzone.com\/wp-content\/uploads\/Accerta_CA_French_2025_Certification_Badge-724x1024.png 724w, https:\/\/accerta-changes.stagingtestzone.com\/wp-content\/uploads\/Accerta_CA_French_2025_Certification_Badge-768x1086.png 768w, https:\/\/accerta-changes.stagingtestzone.com\/wp-content\/uploads\/Accerta_CA_French_2025_Certification_Badge-1086x1536.png 1086w, https:\/\/accerta-changes.stagingtestzone.com\/wp-content\/uploads\/Accerta_CA_French_2025_Certification_Badge-1448x2048.png 1448w\" sizes=\"(max-width: 2480px) 100vw, 2480px\" \/>\t\t\t\t\t\t\t\t\t\t\t\t\t\t\t<\/div>\n\t\t\t\t<\/div>\n\t\t\t\t<div class=\"elementor-element elementor-element-523e549 elementor-widget elementor-widget-heading\" data-id=\"523e549\" data-element_type=\"widget\" data-widget_type=\"heading.default\">\n\t\t\t\t<div class=\"elementor-widget-container\">\n\t\t\t\t\t<h3 class=\"elementor-heading-title elementor-size-default\">Certification et reconnaissance A Great Place to Work <\/h3>\t\t\t\t<\/div>\n\t\t\t\t<\/div>\n\t\t\t\t<div class=\"elementor-element elementor-element-0265c72 elementor-widget elementor-widget-text-editor\" data-id=\"0265c72\" data-element_type=\"widget\" data-widget_type=\"text-editor.default\">\n\t\t\t\t<div class=\"elementor-widget-container\">\n\t\t\t\t\t\t\t\t\t<p>Chez Accerta, nous nous engageons \u00e0 promouvoir un lieu de travail o\u00f9 les employ\u00e9s sont valoris\u00e9s, soutenus et outill\u00e9s. Nous sommes fiers d\u2019\u00eatre une entreprise <strong>certifi\u00e9e Great Place to Work<sup>MD<\/sup><\/strong>, car cette reconnaissance est bas\u00e9e sur les commentaires directs et anonymes du personnel recueillis dans le cadre d\u2019une analyse ind\u00e9pendante de <strong>Great Place to Work Institute<sup>MD<\/sup> Canada<\/strong>.<\/p><p>En\u00a02024, notre engagement \u00e0 cr\u00e9er un environnement de travail positif et inclusif nous a permis de figurer au prestigieux palmar\u00e8s des <strong>Meilleurs lieux de travail dans le gouvernement et les services sociaux<\/strong>. Cette distinction refl\u00e8te notre engagement continu \u00e0 cultiver un lieu de travail qui permet \u00e0 notre \u00e9quipe de s\u2019\u00e9panouir tout en ayant une incidence significative sur les communaut\u00e9s que nous servons.<\/p>\t\t\t\t\t\t\t\t<\/div>\n\t\t\t\t<\/div>\n\t\t\t\t<\/div>\n\t\t\t\t<\/div>\n\t\t\t\t<\/div>\n\t\t\t\t\t<\/div>\n\t\t\t\t<\/div>\n\t\t\t\t<\/div>\n\t\t","protected":false},"excerpt":{"rendered":"<p>Postes disponibles Accerta est une organisation novatrice ax\u00e9e sur des objectifs qui cherche des personnes passionn\u00e9es et talentueuses pour se joindre \u00e0 son \u00e9quipe et contribuer \u00e0 fa\u00e7onner l\u2019avenir. Si vous \u00eates motiv\u00e9, curieux et pr\u00eat \u00e0 avoir une incidence, contactez-nous. D\u00e9couvrez nos postes \u00e0 pourvoir et franchissez une nouvelle \u00e9tape de votre carri\u00e8re avec [&hellip;]<\/p>\n","protected":false},"author":1,"featured_media":0,"parent":0,"menu_order":0,"comment_status":"closed","ping_status":"closed","template":"","meta":{"footnotes":""},"class_list":["post-4361","page","type-page","status-publish","hentry"],"_links":{"self":[{"href":"https:\/\/accerta-changes.stagingtestzone.com\/fr\/wp-json\/wp\/v2\/pages\/4361","targetHints":{"allow":["GET"]}}],"collection":[{"href":"https:\/\/accerta-changes.stagingtestzone.com\/fr\/wp-json\/wp\/v2\/pages"}],"about":[{"href":"https:\/\/accerta-changes.stagingtestzone.com\/fr\/wp-json\/wp\/v2\/types\/page"}],"author":[{"embeddable":true,"href":"https:\/\/accerta-changes.stagingtestzone.com\/fr\/wp-json\/wp\/v2\/users\/1"}],"replies":[{"embeddable":true,"href":"https:\/\/accerta-changes.stagingtestzone.com\/fr\/wp-json\/wp\/v2\/comments?post=4361"}],"version-history":[{"count":67,"href":"https:\/\/accerta-changes.stagingtestzone.com\/fr\/wp-json\/wp\/v2\/pages\/4361\/revisions"}],"predecessor-version":[{"id":5923,"href":"https:\/\/accerta-changes.stagingtestzone.com\/fr\/wp-json\/wp\/v2\/pages\/4361\/revisions\/5923"}],"wp:attachment":[{"href":"https:\/\/accerta-changes.stagingtestzone.com\/fr\/wp-json\/wp\/v2\/media?parent=4361"}],"curies":[{"name":"wp","href":"https:\/\/api.w.org\/{rel}","templated":true}]}}