{"id":4231,"date":"2024-11-28T15:40:38","date_gmt":"2024-11-28T15:40:38","guid":{"rendered":"https:\/\/accerta-changes.stagingtestzone.com\/truth-and-reconciliation\/"},"modified":"2025-04-10T14:19:57","modified_gmt":"2025-04-10T14:19:57","slug":"truth-and-reconciliation","status":"publish","type":"page","link":"https:\/\/accerta-changes.stagingtestzone.com\/fr\/truth-and-reconciliation\/","title":{"rendered":"Engagement d\u2019Accerta en faveur de la v\u00e9rit\u00e9 et de la r\u00e9conciliation"},"content":{"rendered":"\t\t<div data-elementor-type=\"wp-page\" data-elementor-id=\"4231\" class=\"elementor elementor-4231 elementor-2438\" data-elementor-post-type=\"page\">\n\t\t\t\t<div class=\"elementor-element elementor-element-f615130 e-flex e-con-boxed e-con e-parent\" data-id=\"f615130\" data-element_type=\"container\" data-settings=\"{&quot;background_background&quot;:&quot;classic&quot;}\">\n\t\t\t\t\t<div class=\"e-con-inner\">\n\t\t\t\t<div class=\"elementor-element elementor-element-c710ed6 elementor-widget elementor-widget-text-editor\" data-id=\"c710ed6\" data-element_type=\"widget\" data-widget_type=\"text-editor.default\">\n\t\t\t\t<div class=\"elementor-widget-container\">\n\t\t\t\t\t\t\t\t\t<p>Chez Accerta, nous nous consacrons \u00e0 la r\u00e9conciliation avec les communaut\u00e9s autochtones. Nous reconnaissons l\u2019impact profond des pensionnats et des externats et l\u2019importance de faire progresser la r\u00e9conciliation \u00e9conomique et culturelle par des actions r\u00e9fl\u00e9chies au quotidien. Notre approche s\u2019articule autour de trois grandes priorit\u00e9s\u00a0:<\/p>\t\t\t\t\t\t\t\t<\/div>\n\t\t\t\t<\/div>\n\t\t\t\t<div class=\"elementor-element elementor-element-bd10a11 elementor-widget elementor-widget-n-accordion\" data-id=\"bd10a11\" data-element_type=\"widget\" data-settings=\"{&quot;default_state&quot;:&quot;all_collapsed&quot;,&quot;max_items_expended&quot;:&quot;one&quot;,&quot;n_accordion_animation_duration&quot;:{&quot;unit&quot;:&quot;ms&quot;,&quot;size&quot;:400,&quot;sizes&quot;:[]}}\" data-widget_type=\"nested-accordion.default\">\n\t\t\t\t<div class=\"elementor-widget-container\">\n\t\t\t\t\t\t\t<div class=\"e-n-accordion\" aria-label=\"Accordion. Open links with Enter or Space, close with Escape, and navigate with Arrow Keys\">\n\t\t\t\t\t\t<details id=\"e-n-accordion-item-1980\" class=\"e-n-accordion-item\" >\n\t\t\t\t<summary class=\"e-n-accordion-item-title\" data-accordion-index=\"1\" tabindex=\"0\" aria-expanded=\"false\" aria-controls=\"e-n-accordion-item-1980\" >\n\t\t\t\t\t<span class='e-n-accordion-item-title-header'><div class=\"e-n-accordion-item-title-text\"> 1.\tSoutenir la r\u00e9conciliation \u00e9conomique <\/div><\/span>\n\t\t\t\t\t\t\t<span class='e-n-accordion-item-title-icon'>\n\t\t\t<span class='e-opened' ><svg aria-hidden=\"true\" class=\"e-font-icon-svg e-fas-chevron-up\" viewBox=\"0 0 448 512\" xmlns=\"http:\/\/www.w3.org\/2000\/svg\"><path d=\"M240.971 130.524l194.343 194.343c9.373 9.373 9.373 24.569 0 33.941l-22.667 22.667c-9.357 9.357-24.522 9.375-33.901.04L224 227.495 69.255 381.516c-9.379 9.335-24.544 9.317-33.901-.04l-22.667-22.667c-9.373-9.373-9.373-24.569 0-33.941L207.03 130.525c9.372-9.373 24.568-9.373 33.941-.001z\"><\/path><\/svg><\/span>\n\t\t\t<span class='e-closed'><svg aria-hidden=\"true\" class=\"e-font-icon-svg e-fas-chevron-down\" viewBox=\"0 0 448 512\" xmlns=\"http:\/\/www.w3.org\/2000\/svg\"><path d=\"M207.029 381.476L12.686 187.132c-9.373-9.373-9.373-24.569 0-33.941l22.667-22.667c9.357-9.357 24.522-9.375 33.901-.04L224 284.505l154.745-154.021c9.379-9.335 24.544-9.317 33.901.04l22.667 22.667c9.373 9.373 9.373 24.569 0 33.941L240.971 381.476c-9.373 9.372-24.569 9.372-33.942 0z\"><\/path><\/svg><\/span>\n\t\t<\/span>\n\n\t\t\t\t\t\t<\/summary>\n\t\t\t\t<div role=\"region\" aria-labelledby=\"e-n-accordion-item-1980\" class=\"elementor-element elementor-element-1359f4d e-con-full e-flex e-con e-child\" data-id=\"1359f4d\" data-element_type=\"container\">\n\t\t<div role=\"region\" aria-labelledby=\"e-n-accordion-item-1980\" class=\"elementor-element elementor-element-eb1b448 e-con-full e-flex e-con e-child\" data-id=\"eb1b448\" data-element_type=\"container\">\n\t\t\t\t<div class=\"elementor-element elementor-element-101b37d elementor-widget elementor-widget-text-editor\" data-id=\"101b37d\" data-element_type=\"widget\" data-widget_type=\"text-editor.default\">\n\t\t\t\t<div class=\"elementor-widget-container\">\n\t\t\t\t\t\t\t\t\t<p>Nous nous engageons \u00e0 \u00e9tablir des partenariats avec les entreprises et les communaut\u00e9s autochtones, afin de favoriser la croissance \u00e9conomique et les occasions durables.<\/p>\t\t\t\t\t\t\t\t<\/div>\n\t\t\t\t<\/div>\n\t\t\t\t<\/div>\n\t\t\t\t<\/div>\n\t\t\t\t\t<\/details>\n\t\t\t\t\t\t<details id=\"e-n-accordion-item-1981\" class=\"e-n-accordion-item\" >\n\t\t\t\t<summary class=\"e-n-accordion-item-title\" data-accordion-index=\"2\" tabindex=\"-1\" aria-expanded=\"false\" aria-controls=\"e-n-accordion-item-1981\" >\n\t\t\t\t\t<span class='e-n-accordion-item-title-header'><div class=\"e-n-accordion-item-title-text\"> 2. Faire progresser l\u2019\u00e9ducation et la responsabilit\u00e9 des entreprises  <\/div><\/span>\n\t\t\t\t\t\t\t<span class='e-n-accordion-item-title-icon'>\n\t\t\t<span class='e-opened' ><svg aria-hidden=\"true\" class=\"e-font-icon-svg e-fas-chevron-up\" viewBox=\"0 0 448 512\" xmlns=\"http:\/\/www.w3.org\/2000\/svg\"><path d=\"M240.971 130.524l194.343 194.343c9.373 9.373 9.373 24.569 0 33.941l-22.667 22.667c-9.357 9.357-24.522 9.375-33.901.04L224 227.495 69.255 381.516c-9.379 9.335-24.544 9.317-33.901-.04l-22.667-22.667c-9.373-9.373-9.373-24.569 0-33.941L207.03 130.525c9.372-9.373 24.568-9.373 33.941-.001z\"><\/path><\/svg><\/span>\n\t\t\t<span class='e-closed'><svg aria-hidden=\"true\" class=\"e-font-icon-svg e-fas-chevron-down\" viewBox=\"0 0 448 512\" xmlns=\"http:\/\/www.w3.org\/2000\/svg\"><path d=\"M207.029 381.476L12.686 187.132c-9.373-9.373-9.373-24.569 0-33.941l22.667-22.667c9.357-9.357 24.522-9.375 33.901-.04L224 284.505l154.745-154.021c9.379-9.335 24.544-9.317 33.901.04l22.667 22.667c9.373 9.373 9.373 24.569 0 33.941L240.971 381.476c-9.373 9.372-24.569 9.372-33.942 0z\"><\/path><\/svg><\/span>\n\t\t<\/span>\n\n\t\t\t\t\t\t<\/summary>\n\t\t\t\t<div role=\"region\" aria-labelledby=\"e-n-accordion-item-1981\" class=\"elementor-element elementor-element-d26c225 e-con-full e-flex e-con e-child\" data-id=\"d26c225\" data-element_type=\"container\">\n\t\t<div role=\"region\" aria-labelledby=\"e-n-accordion-item-1981\" class=\"elementor-element elementor-element-8746848 e-flex e-con-boxed e-con e-child\" data-id=\"8746848\" data-element_type=\"container\">\n\t\t\t\t\t<div class=\"e-con-inner\">\n\t\t\t\t<div class=\"elementor-element elementor-element-ebec9b7 elementor-widget elementor-widget-text-editor\" data-id=\"ebec9b7\" data-element_type=\"widget\" data-widget_type=\"text-editor.default\">\n\t\t\t\t<div class=\"elementor-widget-container\">\n\t\t\t\t\t\t\t\t\t<p>Guid\u00e9e par l\u2019appel \u00e0 l\u2019action\u00a092 de la Commission de v\u00e9rit\u00e9 et r\u00e9conciliation, Accerta int\u00e8gre les principes de la D\u00e9claration des Nations Unies sur les droits des Peuples autochtones dans ses politiques et ses pratiques. En tant que fier membre du Conseil canadien pour l\u2019entreprise autochtone, la soci\u00e9t\u00e9 collabore activement avec des organisations autochtones pour renforcer son approche.<\/p><p>Accerta poursuit \u00e9galement le programme de certification de l\u2019Accr\u00e9ditation de partenariat en relations autochtones (PAIR) par le biais du Conseil canadien pour l\u2019entreprise autochtone. Ce programme de certification est en phase avec les progr\u00e8s que la soci\u00e9t\u00e9 r\u00e9alise en mati\u00e8re de leadership, d\u2019emploi, de d\u00e9veloppement des entreprises et de relations avec la communaut\u00e9.<\/p>\t\t\t\t\t\t\t\t<\/div>\n\t\t\t\t<\/div>\n\t\t\t\t\t<\/div>\n\t\t\t\t<\/div>\n\t\t\t\t<\/div>\n\t\t\t\t\t<\/details>\n\t\t\t\t\t\t<details id=\"e-n-accordion-item-1982\" class=\"e-n-accordion-item\" >\n\t\t\t\t<summary class=\"e-n-accordion-item-title\" data-accordion-index=\"3\" tabindex=\"-1\" aria-expanded=\"false\" aria-controls=\"e-n-accordion-item-1982\" >\n\t\t\t\t\t<span class='e-n-accordion-item-title-header'><div class=\"e-n-accordion-item-title-text\"> 3. Proposer des programmes dans le respect des cultures <\/div><\/span>\n\t\t\t\t\t\t\t<span class='e-n-accordion-item-title-icon'>\n\t\t\t<span class='e-opened' ><svg aria-hidden=\"true\" class=\"e-font-icon-svg e-fas-chevron-up\" viewBox=\"0 0 448 512\" xmlns=\"http:\/\/www.w3.org\/2000\/svg\"><path d=\"M240.971 130.524l194.343 194.343c9.373 9.373 9.373 24.569 0 33.941l-22.667 22.667c-9.357 9.357-24.522 9.375-33.901.04L224 227.495 69.255 381.516c-9.379 9.335-24.544 9.317-33.901-.04l-22.667-22.667c-9.373-9.373-9.373-24.569 0-33.941L207.03 130.525c9.372-9.373 24.568-9.373 33.941-.001z\"><\/path><\/svg><\/span>\n\t\t\t<span class='e-closed'><svg aria-hidden=\"true\" class=\"e-font-icon-svg e-fas-chevron-down\" viewBox=\"0 0 448 512\" xmlns=\"http:\/\/www.w3.org\/2000\/svg\"><path d=\"M207.029 381.476L12.686 187.132c-9.373-9.373-9.373-24.569 0-33.941l22.667-22.667c9.357-9.357 24.522-9.375 33.901-.04L224 284.505l154.745-154.021c9.379-9.335 24.544-9.317 33.901.04l22.667 22.667c9.373 9.373 9.373 24.569 0 33.941L240.971 381.476c-9.373 9.372-24.569 9.372-33.942 0z\"><\/path><\/svg><\/span>\n\t\t<\/span>\n\n\t\t\t\t\t\t<\/summary>\n\t\t\t\t<div role=\"region\" aria-labelledby=\"e-n-accordion-item-1982\" class=\"elementor-element elementor-element-9c32fbe e-con-full e-flex e-con e-child\" data-id=\"9c32fbe\" data-element_type=\"container\">\n\t\t<div role=\"region\" aria-labelledby=\"e-n-accordion-item-1982\" class=\"elementor-element elementor-element-4458146 e-flex e-con-boxed e-con e-child\" data-id=\"4458146\" data-element_type=\"container\">\n\t\t\t\t\t<div class=\"e-con-inner\">\n\t\t\t\t<div class=\"elementor-element elementor-element-a72234f elementor-widget elementor-widget-text-editor\" data-id=\"a72234f\" data-element_type=\"widget\" data-widget_type=\"text-editor.default\">\n\t\t\t\t<div class=\"elementor-widget-container\">\n\t\t\t\t\t\t\t\t\t<p>Nous comprenons l\u2019importance de la sensibilisation aux r\u00e9alit\u00e9s culturelles dans la mise en \u0153uvre de programmes et nous cherchons continuellement \u00e0 am\u00e9liorer nos services pour garantir qu\u2019ils respectent et honorent les traditions, les perspectives et les besoins des populations autochtones.<\/p>\t\t\t\t\t\t\t\t<\/div>\n\t\t\t\t<\/div>\n\t\t\t\t\t<\/div>\n\t\t\t\t<\/div>\n\t\t\t\t<\/div>\n\t\t\t\t\t<\/details>\n\t\t\t\t\t<\/div>\n\t\t\t\t\t\t<\/div>\n\t\t\t\t<\/div>\n\t\t\t\t\t<\/div>\n\t\t\t\t<\/div>\n\t\t<div class=\"elementor-element elementor-element-431ada1 e-flex e-con-boxed e-con e-parent\" data-id=\"431ada1\" data-element_type=\"container\">\n\t\t\t\t\t<div class=\"e-con-inner\">\n\t\t<div class=\"elementor-element elementor-element-34bef2c e-con-full e-flex e-con e-child\" data-id=\"34bef2c\" data-element_type=\"container\">\n\t\t\t\t<div class=\"elementor-element elementor-element-31b8dc8 elementor-widget elementor-widget-heading\" data-id=\"31b8dc8\" data-element_type=\"widget\" data-widget_type=\"heading.default\">\n\t\t\t\t<div class=\"elementor-widget-container\">\n\t\t\t\t\t<h2 class=\"elementor-heading-title elementor-size-default\">Honorer la terre que nous consid\u00e9rons comme notre foyer<\/h2>\t\t\t\t<\/div>\n\t\t\t\t<\/div>\n\t\t\t\t<div class=\"elementor-element elementor-element-1034322 elementor-widget elementor-widget-text-editor\" data-id=\"1034322\" data-element_type=\"widget\" data-widget_type=\"text-editor.default\">\n\t\t\t\t<div class=\"elementor-widget-container\">\n\t\t\t\t\t\t\t\t\t<p>Accerta est fi\u00e8re d\u2019avoir son si\u00e8ge social \u00e0 Toronto, une ville qui est depuis longtemps un lieu de rassemblement pour les nations autochtones. Nous reconnaissons que Toronto est situ\u00e9e sur le territoire traditionnel des Wendat, des Anishinaabe, des Haudenosaunee et de la Premi\u00e8re Nation des Mississaugas de Credit. Elle fait \u00e9galement partie du Trait\u00e9 n<sup>o<\/sup>\u00a013 conclu avec la Premi\u00e8re Nation des Mississaugas de Credit et des trait\u00e9s Williams sign\u00e9s avec plusieurs Premi\u00e8res Nations de Mississaugas et de Chippewas.<\/p><p>Alors que nous poursuivons notre parcours vers la v\u00e9rit\u00e9 et la r\u00e9conciliation, nous sommes honor\u00e9s de travailler, d\u2019apprendre et de grandir sur cette terre.<\/p>\t\t\t\t\t\t\t\t<\/div>\n\t\t\t\t<\/div>\n\t\t\t\t<div class=\"elementor-element elementor-element-403f08a elementor-widget elementor-widget-heading\" data-id=\"403f08a\" data-element_type=\"widget\" data-widget_type=\"heading.default\">\n\t\t\t\t<div class=\"elementor-widget-container\">\n\t\t\t\t\t<h2 class=\"elementor-heading-title elementor-size-default\">Une invitation \u00e0 s\u2019associer et \u00e0 grandir ensemble<\/h2>\t\t\t\t<\/div>\n\t\t\t\t<\/div>\n\t\t\t\t<div class=\"elementor-element elementor-element-2fcff6d elementor-widget elementor-widget-text-editor\" data-id=\"2fcff6d\" data-element_type=\"widget\" data-widget_type=\"text-editor.default\">\n\t\t\t\t<div class=\"elementor-widget-container\">\n\t\t\t\t\t\t\t\t\t<p>Accerta s\u2019engage \u00e0 parcourir ensemble le chemin de la r\u00e9conciliation. Nous invitons les communaut\u00e9s, les entreprises et les dirigeants autochtones \u00e0 explorer les possibilit\u00e9s de partenariat avec nous, que ce soit par le biais d\u2019entreprises commerciales collaboratives, d\u2019\u00e9changes culturels ou de s\u00e9ances d\u2019apprentissage.<\/p>\t\t\t\t\t\t\t\t<\/div>\n\t\t\t\t<\/div>\n\t\t\t\t<div class=\"elementor-element elementor-element-3be4f8a elementor-widget elementor-widget-heading\" data-id=\"3be4f8a\" data-element_type=\"widget\" data-widget_type=\"heading.default\">\n\t\t\t\t<div class=\"elementor-widget-container\">\n\t\t\t\t\t<h2 class=\"elementor-heading-title elementor-size-default\">Construire ensemble un avenir plus fort<\/h2>\t\t\t\t<\/div>\n\t\t\t\t<\/div>\n\t\t\t\t<div class=\"elementor-element elementor-element-b534df4 elementor-widget elementor-widget-text-editor\" data-id=\"b534df4\" data-element_type=\"widget\" data-widget_type=\"text-editor.default\">\n\t\t\t\t<div class=\"elementor-widget-container\">\n\t\t\t\t\t\t\t\t\t<p>Le parcours d\u2019Accerta vers la r\u00e9conciliation se poursuit. Nous continuons \u00e0 apprendre et \u00e0 nous d\u00e9velopper, en honorant les communaut\u00e9s autochtones et en cherchant \u00e0 cr\u00e9er des effets positifs durables dans tout ce que nous entreprenons.<\/p>\t\t\t\t\t\t\t\t<\/div>\n\t\t\t\t<\/div>\n\t\t\t\t<\/div>\n\t\t\t\t\t<\/div>\n\t\t\t\t<\/div>\n\t\t<div class=\"elementor-element elementor-element-aec8a46 e-flex e-con-boxed e-con e-parent\" data-id=\"aec8a46\" data-element_type=\"container\">\n\t\t\t\t\t<div class=\"e-con-inner\">\n\t\t\t\t<div class=\"elementor-element elementor-element-71ea2ac elementor-widget elementor-widget-image\" data-id=\"71ea2ac\" data-element_type=\"widget\" data-widget_type=\"image.default\">\n\t\t\t\t<div class=\"elementor-widget-container\">\n\t\t\t\t\t\t\t\t\t\t\t\t\t\t\t<img decoding=\"async\" width=\"1\" height=\"1\" src=\"https:\/\/accerta-changes.stagingtestzone.com\/wp-content\/uploads\/CCIB-PAIR-combo-stacked-1.svg\" class=\"attachment-large size-large wp-image-4887\" alt=\"\">\t\t\t\t\t\t\t\t\t\t\t\t\t\t\t<\/div>\n\t\t\t\t<\/div>\n\t\t\t\t\t<\/div>\n\t\t\t\t<\/div>\n\t\t\t\t<\/div>\n\t\t","protected":false},"excerpt":{"rendered":"<p>Chez Accerta, nous nous consacrons \u00e0 la r\u00e9conciliation avec les communaut\u00e9s autochtones. Nous reconnaissons l\u2019impact profond des pensionnats et des externats et l\u2019importance de faire progresser la r\u00e9conciliation \u00e9conomique et culturelle par des actions r\u00e9fl\u00e9chies au quotidien. Notre approche s\u2019articule autour de trois grandes priorit\u00e9s\u00a0: 1. Soutenir la r\u00e9conciliation \u00e9conomique Nous nous engageons \u00e0 \u00e9tablir [&hellip;]<\/p>\n","protected":false},"author":1,"featured_media":0,"parent":0,"menu_order":0,"comment_status":"closed","ping_status":"closed","template":"","meta":{"footnotes":""},"class_list":["post-4231","page","type-page","status-publish","hentry"],"_links":{"self":[{"href":"https:\/\/accerta-changes.stagingtestzone.com\/fr\/wp-json\/wp\/v2\/pages\/4231","targetHints":{"allow":["GET"]}}],"collection":[{"href":"https:\/\/accerta-changes.stagingtestzone.com\/fr\/wp-json\/wp\/v2\/pages"}],"about":[{"href":"https:\/\/accerta-changes.stagingtestzone.com\/fr\/wp-json\/wp\/v2\/types\/page"}],"author":[{"embeddable":true,"href":"https:\/\/accerta-changes.stagingtestzone.com\/fr\/wp-json\/wp\/v2\/users\/1"}],"replies":[{"embeddable":true,"href":"https:\/\/accerta-changes.stagingtestzone.com\/fr\/wp-json\/wp\/v2\/comments?post=4231"}],"version-history":[{"count":14,"href":"https:\/\/accerta-changes.stagingtestzone.com\/fr\/wp-json\/wp\/v2\/pages\/4231\/revisions"}],"predecessor-version":[{"id":4891,"href":"https:\/\/accerta-changes.stagingtestzone.com\/fr\/wp-json\/wp\/v2\/pages\/4231\/revisions\/4891"}],"wp:attachment":[{"href":"https:\/\/accerta-changes.stagingtestzone.com\/fr\/wp-json\/wp\/v2\/media?parent=4231"}],"curies":[{"name":"wp","href":"https:\/\/api.w.org\/{rel}","templated":true}]}}