{"id":4230,"date":"2024-11-27T19:26:14","date_gmt":"2024-11-27T19:26:14","guid":{"rendered":"https:\/\/accerta-changes.stagingtestzone.com\/b-corps\/"},"modified":"2025-04-16T15:22:46","modified_gmt":"2025-04-16T15:22:46","slug":"b-corps","status":"publish","type":"page","link":"https:\/\/accerta-changes.stagingtestzone.com\/fr\/b-corps\/","title":{"rendered":"Notre parcours B Corp"},"content":{"rendered":"\t\t<div data-elementor-type=\"wp-page\" data-elementor-id=\"4230\" class=\"elementor elementor-4230 elementor-2316\" data-elementor-post-type=\"page\">\n\t\t\t\t<div class=\"elementor-element elementor-element-ca2b812 e-flex e-con-boxed e-con e-parent\" data-id=\"ca2b812\" data-element_type=\"container\">\n\t\t\t\t\t<div class=\"e-con-inner\">\n\t\t\t\t<div class=\"elementor-element elementor-element-8914a0e elementor-widget elementor-widget-heading\" data-id=\"8914a0e\" data-element_type=\"widget\" data-widget_type=\"heading.default\">\n\t\t\t\t<div class=\"elementor-widget-container\">\n\t\t\t\t\t<h2 class=\"elementor-heading-title elementor-size-default\">Accerta : Promouvoir l\u2019utilit\u00e9 publique en s\u2019engageant \u00e0 rendre des comptes et \u00e0 avoir un impact<\/h2>\t\t\t\t<\/div>\n\t\t\t\t<\/div>\n\t\t\t\t<div class=\"elementor-element elementor-element-c3b3681 elementor-widget elementor-widget-text-editor\" data-id=\"c3b3681\" data-element_type=\"widget\" data-widget_type=\"text-editor.default\">\n\t\t\t\t<div class=\"elementor-widget-container\">\n\t\t\t\t\t\t\t\t\t<p>En tant qu\u2019entreprise sociale, Accerta s\u2019engage \u00e0 soutenir les programmes publics qui r\u00e9pondent aux besoins sociaux et de sant\u00e9 des communaut\u00e9s canadiennes. Dans le cadre de chaque partenariat, nous travaillons aux c\u00f4t\u00e9s des responsables gouvernementaux et des services sociaux pour mettre en place des programmes qui cr\u00e9ent une valeur durable, am\u00e9liorent l\u2019acc\u00e8s aux programmes essentiels et favorisent la r\u00e9silience au sein des communaut\u00e9s.<\/p>\t\t\t\t\t\t\t\t<\/div>\n\t\t\t\t<\/div>\n\t\t\t\t<div class=\"elementor-element elementor-element-f1df126 elementor-widget elementor-widget-image\" data-id=\"f1df126\" data-element_type=\"widget\" data-widget_type=\"image.default\">\n\t\t\t\t<div class=\"elementor-widget-container\">\n\t\t\t\t\t\t\t\t\t\t\t\t\t\t\t<img fetchpriority=\"high\" decoding=\"async\" width=\"900\" height=\"579\" src=\"https:\/\/accerta-changes.stagingtestzone.com\/wp-content\/uploads\/AdobeStock_466433793.jpg\" class=\"attachment-full size-full wp-image-5349\" alt=\"Deux personnes qui sourient en regardant directement l\u2019objectif.\" srcset=\"https:\/\/accerta-changes.stagingtestzone.com\/wp-content\/uploads\/AdobeStock_466433793.jpg 900w, https:\/\/accerta-changes.stagingtestzone.com\/wp-content\/uploads\/AdobeStock_466433793-300x193.jpg 300w, https:\/\/accerta-changes.stagingtestzone.com\/wp-content\/uploads\/AdobeStock_466433793-768x494.jpg 768w\" sizes=\"(max-width: 900px) 100vw, 900px\" \/>\t\t\t\t\t\t\t\t\t\t\t\t\t\t\t<\/div>\n\t\t\t\t<\/div>\n\t\t\t\t\t<\/div>\n\t\t\t\t<\/div>\n\t\t<div class=\"elementor-element elementor-element-39a1021 e-flex e-con-boxed e-con e-parent\" data-id=\"39a1021\" data-element_type=\"container\">\n\t\t\t\t\t<div class=\"e-con-inner\">\n\t\t\t\t<div class=\"elementor-element elementor-element-60cc41f elementor-widget elementor-widget-heading\" data-id=\"60cc41f\" data-element_type=\"widget\" data-widget_type=\"heading.default\">\n\t\t\t\t<div class=\"elementor-widget-container\">\n\t\t\t\t\t<h2 class=\"elementor-heading-title elementor-size-default\">Promouvoir l\u2019utilit\u00e9 publique en s\u2019engageant \u00e0 rendre des comptes et \u00e0 avoir un impact<\/h2>\t\t\t\t<\/div>\n\t\t\t\t<\/div>\n\t\t\t\t<div class=\"elementor-element elementor-element-9e1ada5 elementor-widget elementor-widget-text-editor\" data-id=\"9e1ada5\" data-element_type=\"widget\" data-widget_type=\"text-editor.default\">\n\t\t\t\t<div class=\"elementor-widget-container\">\n\t\t\t\t\t\t\t\t\t<p>Notre r\u00f4le en tant qu\u2019administrateur de programmes publics va au-del\u00e0 de l\u2019efficacit\u00e9 op\u00e9rationnelle. Nous nous imposons des normes \u00e9lev\u00e9es en mati\u00e8re de responsabilit\u00e9 sociale et environnementale, en veillant \u00e0 ce que chaque solution que nous \u00e9laborons et administrons soit fond\u00e9e sur la transparence, la responsabilit\u00e9 et des r\u00e9sultats mesurables. En adoptant ces principes, nous nous alignons \u00e9troitement sur les valeurs de nos partenaires gouvernementaux, qui mettent en \u0153uvre des programmes \u00e0 la fois efficaces et durables.<\/p>\t\t\t\t\t\t\t\t<\/div>\n\t\t\t\t<\/div>\n\t\t\t\t<div class=\"elementor-element elementor-element-ecd79e0 elementor-widget elementor-widget-heading\" data-id=\"ecd79e0\" data-element_type=\"widget\" data-widget_type=\"heading.default\">\n\t\t\t\t<div class=\"elementor-widget-container\">\n\t\t\t\t\t<h2 class=\"elementor-heading-title elementor-size-default\">Accerta est une entreprise certifi\u00e9e B Corp<\/h2>\t\t\t\t<\/div>\n\t\t\t\t<\/div>\n\t\t\t\t<div class=\"elementor-element elementor-element-b0d34b8 elementor-widget elementor-widget-text-editor\" data-id=\"b0d34b8\" data-element_type=\"widget\" data-widget_type=\"text-editor.default\">\n\t\t\t\t<div class=\"elementor-widget-container\">\n\t\t\t\t\t\t\t\t\t<p>Pouss\u00e9s par notre mission d\u2019utiliser l\u2019entreprise comme une force au service du bien, nous sommes devenus une soci\u00e9t\u00e9 B\u00a0Corp en 2017\u00a0\u2013 une certification qui s\u2019aligne naturellement avec nos valeurs et notre engagement continu pour un impact positif. Cette certification refl\u00e8te notre conscience en mati\u00e8re de performance sociale, de protection de l\u2019environnement et de responsabilit\u00e9 \u00e9thique. En tant que membre d\u2019une communaut\u00e9 mondiale d\u2019entreprises ax\u00e9es sur la valeur sociale, nous nous effor\u00e7ons en permanence de respecter et de d\u00e9passer les normes fix\u00e9es par B\u00a0Lab, l\u2019organisation \u00e0 but non lucratif qui certifie les soci\u00e9t\u00e9s B\u00a0Corp dans le monde entier.<\/p><p>Sur la base de l\u2019\u00e9valuation B\u00a0Impact, Accerta a obtenu un \u00a0 global de 150,2. Le score m\u00e9dian des entreprises habituelles qui compl\u00e8tent l\u2019\u00e9valuation est actuellement de 50,9. \u00a0<\/p><p>Une entreprise sociale est une entreprise qui s\u2019efforce d\u2019am\u00e9liorer le bien-\u00eatre humain et environnemental au sein des communaut\u00e9s dans lesquelles elle op\u00e8re, tout en fournissant \u00e0 sa client\u00e8le des services efficaces et un retour sur investissement \u00e9lev\u00e9.<\/p>\t\t\t\t\t\t\t\t<\/div>\n\t\t\t\t<\/div>\n\t\t\t\t<div class=\"elementor-element elementor-element-855824b elementor-widget elementor-widget-heading\" data-id=\"855824b\" data-element_type=\"widget\" data-widget_type=\"heading.default\">\n\t\t\t\t<div class=\"elementor-widget-container\">\n\t\t\t\t\t<h2 class=\"elementor-heading-title elementor-size-default\">Qu\u2019est-ce qu\u2019une soci\u00e9t\u00e9 B Corp?<\/h2>\t\t\t\t<\/div>\n\t\t\t\t<\/div>\n\t\t\t\t<div class=\"elementor-element elementor-element-c86eb01 elementor-widget elementor-widget-text-editor\" data-id=\"c86eb01\" data-element_type=\"widget\" data-widget_type=\"text-editor.default\">\n\t\t\t\t<div class=\"elementor-widget-container\">\n\t\t\t\t\t\t\t\t\t<p>Une soci\u00e9t\u00e9 B\u00a0Corp est une entreprise priv\u00e9e qui r\u00e9pond \u00e0 des normes rigoureuses en mati\u00e8re de performance sociale et environnementale, de transparence et de responsabilit\u00e9, comme le confirme B\u00a0Lab, une tierce partie ind\u00e9pendante charg\u00e9e de superviser les certifications B\u00a0Corp. La communaut\u00e9 B\u00a0Corp regroupe plus de 9\u00a0000\u00a0organisations dans le monde entier, qui s\u2019engagent \u00e0 utiliser l\u2019entreprise comme une force au service du bien.<\/p>\t\t\t\t\t\t\t\t<\/div>\n\t\t\t\t<\/div>\n\t\t\t\t<div class=\"elementor-element elementor-element-866f413 elementor-widget elementor-widget-heading\" data-id=\"866f413\" data-element_type=\"widget\" data-widget_type=\"heading.default\">\n\t\t\t\t<div class=\"elementor-widget-container\">\n\t\t\t\t\t<h2 class=\"elementor-heading-title elementor-size-default\">B Corp en action chez Accerta<\/h2>\t\t\t\t<\/div>\n\t\t\t\t<\/div>\n\t\t\t\t<div class=\"elementor-element elementor-element-51ccbcd elementor-widget elementor-widget-text-editor\" data-id=\"51ccbcd\" data-element_type=\"widget\" data-widget_type=\"text-editor.default\">\n\t\t\t\t<div class=\"elementor-widget-container\">\n\t\t\t\t\t\t\t\t\t<p>Nous int\u00e9grons des objectifs pr\u00e9cis dans tous les aspects de nos activit\u00e9s. Nous nous appuyons sur une base de confiance et de r\u00e9silience qui nous permet d\u2019apporter une valeur \u00e0 long terme \u00e0 nos clients gouvernementaux et aux communaut\u00e9s qu\u2019ils servent. Nous tirons parti de notre expertise pour rationaliser la mise en \u0153uvre de programmes, am\u00e9liorer leur accessibilit\u00e9 et obtenir des r\u00e9sultats significatifs.<\/p><p>En tant qu\u2019entreprise sociale certifi\u00e9e B\u00a0Corp, nous soutenons nos employ\u00e9s en leur offrant des avantages comp\u00e9titifs, des salaires \u00e9quitables et un lieu de travail diversifi\u00e9 et inclusif qui favorise la croissance. Cet engagement envers notre \u00e9quipe refl\u00e8te notre mission d\u2019agir de mani\u00e8re responsable envers toutes les parties prenantes\u00a0\u2013 employ\u00e9s, communaut\u00e9s, partenaires et environnement.<\/p>\t\t\t\t\t\t\t\t<\/div>\n\t\t\t\t<\/div>\n\t\t\t\t\t<\/div>\n\t\t\t\t<\/div>\n\t\t<div class=\"elementor-element elementor-element-3952dae e-con-full e-flex e-con e-parent\" data-id=\"3952dae\" data-element_type=\"container\" data-settings=\"{&quot;background_background&quot;:&quot;classic&quot;}\">\n\t\t\t\t<div class=\"elementor-element elementor-element-426a3d3 elementor-widget elementor-widget-image\" data-id=\"426a3d3\" data-element_type=\"widget\" data-widget_type=\"image.default\">\n\t\t\t\t<div class=\"elementor-widget-container\">\n\t\t\t\t\t\t\t\t\t\t\t\t\t\t\t<img decoding=\"async\" width=\"621\" height=\"1024\" src=\"https:\/\/accerta-changes.stagingtestzone.com\/wp-content\/uploads\/image-621x1024.png\" class=\"attachment-large size-large wp-image-5231\" alt=\"\" srcset=\"https:\/\/accerta-changes.stagingtestzone.com\/wp-content\/uploads\/image-621x1024.png 621w, https:\/\/accerta-changes.stagingtestzone.com\/wp-content\/uploads\/image-182x300.png 182w, https:\/\/accerta-changes.stagingtestzone.com\/wp-content\/uploads\/image-768x1266.png 768w, https:\/\/accerta-changes.stagingtestzone.com\/wp-content\/uploads\/image-932x1536.png 932w, https:\/\/accerta-changes.stagingtestzone.com\/wp-content\/uploads\/image.png 1204w\" sizes=\"(max-width: 621px) 100vw, 621px\">\t\t\t\t\t\t\t\t\t\t\t\t\t\t\t<\/div>\n\t\t\t\t<\/div>\n\t\t\t\t<\/div>\n\t\t\t\t<\/div>\n\t\t","protected":false},"excerpt":{"rendered":"<p>Accerta : Promouvoir l\u2019utilit\u00e9 publique en s\u2019engageant \u00e0 rendre des comptes et \u00e0 avoir un impact En tant qu\u2019entreprise sociale, Accerta s\u2019engage \u00e0 soutenir les programmes publics qui r\u00e9pondent aux besoins sociaux et de sant\u00e9 des communaut\u00e9s canadiennes. Dans le cadre de chaque partenariat, nous travaillons aux c\u00f4t\u00e9s des responsables gouvernementaux et des services sociaux [&hellip;]<\/p>\n","protected":false},"author":1,"featured_media":0,"parent":0,"menu_order":0,"comment_status":"closed","ping_status":"closed","template":"","meta":{"footnotes":""},"class_list":["post-4230","page","type-page","status-publish","hentry"],"_links":{"self":[{"href":"https:\/\/accerta-changes.stagingtestzone.com\/fr\/wp-json\/wp\/v2\/pages\/4230","targetHints":{"allow":["GET"]}}],"collection":[{"href":"https:\/\/accerta-changes.stagingtestzone.com\/fr\/wp-json\/wp\/v2\/pages"}],"about":[{"href":"https:\/\/accerta-changes.stagingtestzone.com\/fr\/wp-json\/wp\/v2\/types\/page"}],"author":[{"embeddable":true,"href":"https:\/\/accerta-changes.stagingtestzone.com\/fr\/wp-json\/wp\/v2\/users\/1"}],"replies":[{"embeddable":true,"href":"https:\/\/accerta-changes.stagingtestzone.com\/fr\/wp-json\/wp\/v2\/comments?post=4230"}],"version-history":[{"count":68,"href":"https:\/\/accerta-changes.stagingtestzone.com\/fr\/wp-json\/wp\/v2\/pages\/4230\/revisions"}],"predecessor-version":[{"id":6092,"href":"https:\/\/accerta-changes.stagingtestzone.com\/fr\/wp-json\/wp\/v2\/pages\/4230\/revisions\/6092"}],"wp:attachment":[{"href":"https:\/\/accerta-changes.stagingtestzone.com\/fr\/wp-json\/wp\/v2\/media?parent=4230"}],"curies":[{"name":"wp","href":"https:\/\/api.w.org\/{rel}","templated":true}]}}